{"id":1016,"date":"2018-11-08T18:10:50","date_gmt":"2018-11-08T17:10:50","guid":{"rendered":"http:\/\/www.golden-heart-even.de\/cms\/?page_id=1016"},"modified":"2020-08-19T09:32:29","modified_gmt":"2020-08-19T07:32:29","slug":"c-wurf","status":"publish","type":"page","link":"http:\/\/www.golden-heart-even.de\/cms\/c-wurf\/","title":{"rendered":"C &#8211; Wurf"},"content":{"rendered":"<div id='av_section_1'  class='avia-section av-cm3bi-fdd5deb7c420d3f4f6c770cc1babea79 main_color avia-section-default avia-no-border-styling  avia-builder-el-0  avia-builder-el-no-sibling  avia-bg-style-scroll container_wrap fullsize'  ><div class='container av-section-cont-open' ><main  role=\"main\" itemprop=\"mainContentOfPage\"  class='template-page content  av-content-full alpha units'><div class='post-entry post-entry-type-page post-entry-1016'><div class='entry-content-wrapper clearfix'>\n\n<style type=\"text\/css\" data-created_by=\"avia_inline_auto\" id=\"style-css-av-25rha-38bd95d0c884b6374fba6a9d020e5287\">\n.flex_column.av-25rha-38bd95d0c884b6374fba6a9d020e5287{\n-webkit-border-radius:0px 0px 0px 0px;\n-moz-border-radius:0px 0px 0px 0px;\nborder-radius:0px 0px 0px 0px;\npadding:0px 0px 0px 0px;\n}\n<\/style>\n<div class='flex_column av-25rha-38bd95d0c884b6374fba6a9d020e5287 av_one_full  avia-builder-el-1  el_before_av_one_full  avia-builder-el-first  first flex_column_div av-zero-column-padding '     ><style type=\"text\/css\" data-created_by=\"avia_inline_auto\" id=\"style-css-av-av_heading-205998dbb69e325d6522b9f1cf3aa116\">\n#top .av-special-heading.av-av_heading-205998dbb69e325d6522b9f1cf3aa116{\npadding-bottom:10px;\n}\nbody .av-special-heading.av-av_heading-205998dbb69e325d6522b9f1cf3aa116 .av-special-heading-tag .heading-char{\nfont-size:25px;\n}\n.av-special-heading.av-av_heading-205998dbb69e325d6522b9f1cf3aa116 .av-subheading{\nfont-size:20px;\n}\n<\/style>\n<div  class='av-special-heading av-av_heading-205998dbb69e325d6522b9f1cf3aa116 av-special-heading-h2 blockquote modern-quote modern-centered  avia-builder-el-2  avia-builder-el-no-sibling '><h2 class='av-special-heading-tag'  itemprop=\"headline\"  >C &#8211; Wurf <\/h2><div class='av-subheading av-subheading_below'><p>* 15. M\u00e4rz 2018 &#8211; 2 R\u00fcden \/ 2 H\u00fcndinnen<\/p>\n<\/div><div class=\"special-heading-border\"><div class=\"special-heading-inner-border\"><\/div><\/div><\/div><\/div>\n<style type=\"text\/css\" data-created_by=\"avia_inline_auto\" id=\"style-css-av-dn672-a1d14e7cc4e9f2bc3005ad2cdfd3f482\">\n.flex_column.av-dn672-a1d14e7cc4e9f2bc3005ad2cdfd3f482{\n-webkit-border-radius:0px 0px 0px 0px;\n-moz-border-radius:0px 0px 0px 0px;\nborder-radius:0px 0px 0px 0px;\npadding:0px 0px 0px 0px;\n}\n<\/style>\n<div class='flex_column av-dn672-a1d14e7cc4e9f2bc3005ad2cdfd3f482 av_one_full  avia-builder-el-3  el_after_av_one_full  el_before_av_hr  first flex_column_div av-zero-column-padding column-top-margin'     ><p>\n<style type=\"text\/css\" data-created_by=\"avia_inline_auto\" id=\"style-css-av-joa4a18b-af04c053e7411ea5bd5be14325b570c4\">\n.avia-image-container.av-joa4a18b-af04c053e7411ea5bd5be14325b570c4 img.avia_image{\nbox-shadow:none;\n}\n.avia-image-container.av-joa4a18b-af04c053e7411ea5bd5be14325b570c4 .av-image-caption-overlay-center{\ncolor:#ffffff;\n}\n<\/style>\n<div  class='avia-image-container av-joa4a18b-af04c053e7411ea5bd5be14325b570c4 av-styling- avia-align-center  avia-builder-el-4  el_before_av_textblock  avia-builder-el-first '   itemprop=\"image\" itemscope=\"itemscope\" itemtype=\"https:\/\/schema.org\/ImageObject\" ><div class=\"avia-image-container-inner\"><div class=\"avia-image-overlay-wrap\"><img decoding=\"async\" class='wp-image-2685 avia-img-lazy-loading-not-2685 avia_image ' src=\"http:\/\/www.golden-heart-even.de\/cms\/wp-content\/uploads\/2020\/08\/collage-c-wurf.jpg\" alt='' title='collage-c-wurf'  height=\"464\" width=\"700\"  itemprop=\"thumbnailUrl\" srcset=\"http:\/\/www.golden-heart-even.de\/cms\/wp-content\/uploads\/2020\/08\/collage-c-wurf.jpg 700w, http:\/\/www.golden-heart-even.de\/cms\/wp-content\/uploads\/2020\/08\/collage-c-wurf-500x331.jpg 500w, http:\/\/www.golden-heart-even.de\/cms\/wp-content\/uploads\/2020\/08\/collage-c-wurf-450x298.jpg 450w\" sizes=\"(max-width: 700px) 100vw, 700px\" \/><\/div><\/div><\/div><br \/>\n<section  class='av_textblock_section av-joa3nohq-58c493de26ede5cd8fb34165cbc38256'  itemscope=\"itemscope\" itemtype=\"https:\/\/schema.org\/CreativeWork\" ><div class='avia_textblock'  itemprop=\"text\" ><p style=\"text-align: center;\">C.I.E., C.I.B Rayleas my Guy x Cesarka It&#8217;s Magic<\/p>\n<\/div><\/section><\/p><\/div>\n<style type=\"text\/css\" data-created_by=\"avia_inline_auto\" id=\"style-css-av-jn013j17-3ff2ffe3a38162627d74e9374e783f09\">\n#top .hr.hr-invisible.av-jn013j17-3ff2ffe3a38162627d74e9374e783f09{\nheight:50px;\n}\n<\/style>\n<div  class='hr av-jn013j17-3ff2ffe3a38162627d74e9374e783f09 hr-invisible  avia-builder-el-6  el_after_av_one_full  el_before_av_one_half '><span class='hr-inner '><span class=\"hr-inner-style\"><\/span><\/span><\/div>\n\n<style type=\"text\/css\" data-created_by=\"avia_inline_auto\" id=\"style-css-av-gq13f-8664f1746b29fdd2af6069d79310d806\">\n.flex_column.av-gq13f-8664f1746b29fdd2af6069d79310d806{\n-webkit-border-radius:0px 0px 0px 0px;\n-moz-border-radius:0px 0px 0px 0px;\nborder-radius:0px 0px 0px 0px;\npadding:0px 0px 0px 0px;\n}\n<\/style>\n<div class='flex_column av-gq13f-8664f1746b29fdd2af6069d79310d806 av_one_half  avia-builder-el-7  el_after_av_hr  el_before_av_one_half  first flex_column_div av-zero-column-padding '     ><section  class='av_textblock_section av-jn02hhb1-3915294a53ccf549214dea18cd988456'  itemscope=\"itemscope\" itemtype=\"https:\/\/schema.org\/CreativeWork\" ><div class='avia_textblock'  itemprop=\"text\" ><p><a href=\"http:\/\/www.k9data.com\/pedigree.asp?ID=883732\" target=\"_blank\" rel=\"noopener noreferrer\"><img decoding=\"async\" loading=\"lazy\" class=\"wp-image-320 size-full aligncenter\" src=\"http:\/\/www.golden-heart-even.de\/cms\/wp-content\/uploads\/2018\/11\/pedigree.png\" alt=\"\" width=\"200\" height=\"74\" \/><\/a><\/p>\n<\/div><\/section><\/div>\n<style type=\"text\/css\" data-created_by=\"avia_inline_auto\" id=\"style-css-av-90zbv-94e1fc08bfa1b0b83fa30755d862dd39\">\n.flex_column.av-90zbv-94e1fc08bfa1b0b83fa30755d862dd39{\n-webkit-border-radius:0px 0px 0px 0px;\n-moz-border-radius:0px 0px 0px 0px;\nborder-radius:0px 0px 0px 0px;\npadding:0px 0px 0px 0px;\n}\n<\/style>\n<div class='flex_column av-90zbv-94e1fc08bfa1b0b83fa30755d862dd39 av_one_half  avia-builder-el-9  el_after_av_one_half  el_before_av_one_full  flex_column_div av-zero-column-padding '     ><section  class='av_textblock_section av-jn02hhb1-3915294a53ccf549214dea18cd988456'  itemscope=\"itemscope\" itemtype=\"https:\/\/schema.org\/CreativeWork\" ><div class='avia_textblock'  itemprop=\"text\" ><p><a href=\"http:\/\/www.golden-heart-even.de\/cms\/c-wurf-fotos\/\" target=\"_blank\" rel=\"noopener noreferrer\"><img decoding=\"async\" loading=\"lazy\" class=\"size-full wp-image-393 aligncenter\" src=\"http:\/\/www.golden-heart-even.de\/cms\/wp-content\/uploads\/2018\/11\/fotos.png\" alt=\"\" width=\"200\" height=\"74\" \/><\/a><\/p>\n<\/div><\/section><\/div>\n<style type=\"text\/css\" data-created_by=\"avia_inline_auto\" id=\"style-css-av-899hi-99c2adf78e313484eeb0a9cbacac9697\">\n.flex_column.av-899hi-99c2adf78e313484eeb0a9cbacac9697{\n-webkit-border-radius:0px 0px 0px 0px;\n-moz-border-radius:0px 0px 0px 0px;\nborder-radius:0px 0px 0px 0px;\npadding:0px 0px 0px 0px;\n}\n<\/style>\n<div class='flex_column av-899hi-99c2adf78e313484eeb0a9cbacac9697 av_one_full  avia-builder-el-11  el_after_av_one_half  avia-builder-el-last  first flex_column_div av-zero-column-padding column-top-margin'     ><section  class='av_textblock_section av-jo75z1bo-e8a85b4d5fe3e65bcba0098aaa7744ce'  itemscope=\"itemscope\" itemtype=\"https:\/\/schema.org\/CreativeWork\" ><div class='avia_textblock'  itemprop=\"text\" ><h3>Tagebuch<\/h3>\n<p>13.05.2018<br \/>\nSo, wie immer kommen die letzten Worte von mir, Sabine.<br \/>\nMit gro\u00dfer Freude habe ich auch diesen Wurf aufgezogen, Hope war, wie nicht anders zu erwarten, eine Mama wie aus dem Bilderbuch und Fin, er hat mich einfach mit seiner liebevollen Art \u00fcberw\u00e4ltigt &#8230;&#8230;..<br \/>\nAuch Gracie war trotz ihrer Tr\u00e4chtigkeit, immer bereit ihrer Mama zu helfen und sich um die Kleinen zu k\u00fcmmern.<\/p>\n<p>Wir hatten viel Spa\u00df, mein kleines Kleeblatt hat es doch tats\u00e4chlich geschafft, das ein oder andere noch zu toppen.<br \/>\nJeder Besuch wurde freudig empfangen, das Impfen, Chippen und der erste gro\u00dfe Phototermin wunderbar gemeistert.<br \/>\nKurz, die Zeit ist wie im Flug vergangen und nun ist es erstmal still im Haus, klein Hope wird noch ein bisschen bei uns bleiben, bis auch sie in Ihre neue Familie zieht.<br \/>\nRiley, Bailey &amp; La Boo sind gut bei ihren Familien angekommen und haben sich auch schon gut eingelebt. Wir w\u00fcnschen euch ein wunderbares, langes Leben mit euren Familien und sind immer f\u00fcr euch da in Liebe Hope, Sabine, Gracie &amp; Fin<\/p>\n<p>03.05.2018<br \/>\nPuh, ich kann euch sagen hier ist vielleicht was los Wisst ihr, ich wundere mich schon die ganze Zeit, warum meine Gracie immer sooooo m\u00fcde ist und gestern ist sie in die Wurfkiste rein und hat sich hingelegt, da hab ich dann doch meine Mama gefragt, weil mir das echt komisch vorkommt, tja und wisst ihr was, MEINE Gracie bekommt auch Babies !!!!<br \/>\nTja und der Garten ist jetzt zwischenzeitlich ein kompletter Spielplatz, da stehen Tunnel, ein Zelt, eine Holzburg und echt noch ganz viele andere Sachen und echt wir haben jede Menge Spa\u00df Aber am allersch\u00f6nsten ist es, wenn die Babies morgens aufwachen und mir guten Morgen sagen, das macht so viel Spass und ich freu mich immer drauf. Jetzt mu\u00df ich aber los, denn die Kleinen wollen in den Garten und spielen, also bis ganz bald euer Fin<\/p>\n<p>23.04.2018<br \/>\nJipiiiiiiiiiiiiii Wir haben es gewusst, Sabine hat den Garten f\u00fcr unsere Geschwister vorbereitet und ehrlich, ihr glaubt nicht, was sie wieder alles hergezaubert hat !!!!<br \/>\nZwei Tunnel, eine Schaukel, ein Zelt, ein B\u00e4llebad und noch gaaanz viel mehr und das Beste ist, dass das Wetter hier super ist und wir eigentlich den ganzen Tag drau\u00dfen sind. Au\u00dfer zum Schlafen, da laufen die vier im G\u00e4nsemarsch in das Welpenzimmer und kuscheln sich an den gro\u00dfen B\u00e4ren. Stimmt &#8211; und den ersten Brei gab es auch schon, dazu hat auch jeder hat seinen eigenen Napf bekommen, das machen die Kleinen echt cool.<br \/>\nWenn die Sabine ruft oder pfeift, kommen die Vier angeschossen wie der Blitz, aber das haben wir ihnen nat\u00fcrlich vorgemacht und Sabine denkt, sie hat es ihnen gelernt, na ja soll sie<br \/>\nHeute gibt es mal noch zwei Videos &#8211; da k\u00f6nnt ihr sehen, wieviel Spa\u00df sie mit dem Zelt haben und wie brav die Kleinen essen.<br \/>\nSo jetzt m\u00fcssen wir aber los und wieder in den Garten, also bis ganz bald Gracie &amp; Fin<\/p>\n<p>11.04.2018<br \/>\nPUH &#8230;&#8230;.. Das war ganz sch\u00f6n viel Arbeit jetzt, aber wir haben es geschafft und ALLE Spielsachen f\u00fcr unsere Geschwisterchen sind von uns ausgiebig getestet worden UND wir finden, die kleinen M\u00e4use, Tiger, Elefanten, B\u00e4lle, Fasanen die quietschen, den gaaanz gro\u00dfen B\u00e4r und noch jede Menge, der Spielsachen, die Sabine f\u00fcr die Kleinen geholt hat super toll und wi\u00dft ihr unsere vier Kleinen finden die n\u00e4mlich auch mega cool.<br \/>\nWenn sie gespielt haben und m\u00fcde sind, kuscheln sie sich immer unter den gro\u00dfen B\u00e4r und manchmal legen sie sich auch auf die Babywaage Na ja und was soll ich sagen, w\u00e4hrend der Fin am liebsten mit den Kleinen spielt, helf ich der Mama schon mal ein bisschen mit und ehrlich &#8211; das macht richtig Spa\u00df!<br \/>\nSabine hat uns gesagt, da das Wetter so sch\u00f6n ist, wir mit unseren Geschwisterchen bald in den Garten d\u00fcrfen. Das wird sicherlich super lustig und wir freuen uns schon sehr, was wir ihnen dann alles zeigen k\u00f6nnen und ehrlich &#8211; es stehen schon wieder so viele neue Spielsachen da, die dieses Mal alle f\u00fcr den Garten sind.<br \/>\nIch glaub wir machen es so, das Fin die Spielsachen ausprobiert und ich, Gracie helfe lieber meiner Mama, das macht mir n\u00e4mlich viel mehr Spa\u00df<br \/>\nBis ganz bald, Gracie &amp; Fin<\/p>\n<p>03.04.2018<br \/>\nSo, wie versprochen, berichten wir, Gracie und ich, euch heute wieder<\/p>\n<p>Also, dass die Augen unserer Geschwisterchen offen sind, haben wir euch ja schon erz\u00e4hlt und nat\u00fcrlich schlafen und trinken die Kleinen noch ganz sch\u00f6n viel &#8230;&#8230;. Aber jetzt h\u00f6ren sie auch und das Allerbeste ist, sie laufen jetzt auch schon ganz sch\u00f6n flott durch die Wurfkiste UND den Ausgang kennen sie jetzt auch schon.<br \/>\nWir k\u00f6nnen euch sagen, schwupp die wupp sind sie raus und laufen quietschvergn\u00fcngt durch das Welpenzimmer, da freuen wir uns nat\u00fcrlich, den sie kommen dann schon immer zu uns, aber ehrlich gesagt, zum spielen sind sie schon noch ein wenig klein. Aber es wird<\/p>\n<p>Nat\u00fcrlich haben sie auch ganz sch\u00f6n zugenommen und Sabine wiegt sie immer jeden Abend, das ist auch lustig, sie sind ganz sch\u00f6n quirlig. Oh, jetzt m\u00fcssen wir aufh\u00f6ren, Sabine kommt gerade mit einer Menge neuer Sachen, f\u00fcr die Babies und wir als die &#8222;gro\u00dfen Geschwister&#8220; m\u00fcssen nat\u00fcrlich erstmal kontrollieren, ob die auch alle zum Spielen gut genug sind, also bis n\u00e4chste Woche Gracie &amp; Fin<\/p>\n<p>26.03.2018<br \/>\nSo, nachdem Fin noch schl\u00e4ft erz\u00e4hl ich, Gracie euch heute von unseren kleinen Geschwisterchen.<\/p>\n<p>Im Moment ist unsere Mama ganz sch\u00f6n besch\u00e4ftigt mit den Kleinen. Sie trinken, dann schlafen sie und dann trinken und schlafen sie wieder &#8230;&#8230;. Sabine wiegt die Kleinen jeden Abend und da schauen wir nat\u00fcrlich zu und ich kann euch sagen, sie haben gaaaanz viel zugenommen und sind schon ganz sch\u00f6n propper.<br \/>\nMadison of Magic Heart\u00b4s Cream Dream 1.460 gr<br \/>\nMadison of Magic Heart\u00b4s Choca Mystery 1.490 gr<br \/>\nMadison of Magic Heart\u00b4s Cosmopolitan 1.400 gr<br \/>\nMadison of Magic Heart\u00b4s Caprice 1.300 gr<br \/>\nAb und zu versuchen sie schon zu laufen, aber zack purzeln sie wieder um, das ist echt s\u00fc\u00df. Aber ich denke lange dauert es nicht mehr. Au\u00dferdem haben sie seit gestern die kleinen \u00c4uglein auf, das ist immer wieder ein ganz zauberhafter Moment, wenn wir das sehen<br \/>\nAh, ich h\u00f6re jetzt ist Fin wach, der hat heute Nacht mal bei Raphael geschlafen und wir wollen den Babies guten Morgen sagen, also bis n\u00e4chste Woche !!!!<\/p>\n<p>15.03.2018<br \/>\nSo, hier sind wir wieder ich, Fin und meine gro\u00dfe Schwester Gracie. Wie immer werden wir euch berichten, was hier so alles passiert<br \/>\nAlso, ab Mittwoch hat unsere Mama, die Hope angefangen im Garten ein super gro\u00dfes Loch zu buddeln und wisst ihr was ? Unsere Sabine hat gar nicht geschimpft, also WIR d\u00fcrfen das nicht &#8230;&#8230; Na ja und dann war das alles bisserl komisch hier, da haben Gracie und ich beschlossen, dass wir zu Yannick gehen und mal abwarten.<\/p>\n<p>Und JETZT haben wir vier Geschwister bekommen, am Donnerstag Nachmittag und wieder ist es ein kleines Kleeblatt, es sind zwei Jungs und zwei M\u00e4dels und ganz sch\u00f6n schwer waren sie auch noch.<br \/>\nAlso, das sind nun unsere kleinen Geschwisterchen:<br \/>\n13.07 Uhr Bub, 510 gr, Madison of Magic Heart\u00b4s Creme Dream<br \/>\n13.10 Uhr Bub, 510 gr, Madison of Magic Heart\u00b4s Choco Mystery<br \/>\n13.54 Uhr M\u00e4dchen, 490 gr, Madison of Magic Heart\u00b4s Cosmopolitan<br \/>\n16.26 Uhr M\u00e4dchen, 430 gr, Madison of Magic Heart\u00b4s Caprice<\/p>\n<p>Im Moment schlafen und trinken, schlafen und trinken die Kleinen und haben auch schon ganz sch\u00f6n zugenommen. Gracie und ich schauen immer wieder mal bei den Kleinen rein. Nat\u00fcrlich wissen wir, das die Mama jetzt ganz viel Zeit f\u00fcr die Babies braucht und wir noch ein bisschen warten m\u00fcssen, bis wir ihnen all die sch\u00f6nen Sachen zeigen k\u00f6nnen, die wir uns schon \u00fcberlegt haben<br \/>\nSo, bis n\u00e4chste Woche Fin &amp; Gracie<\/p>\n<\/div><\/section><\/div>\n","protected":false},"excerpt":{"rendered":"","protected":false},"author":1,"featured_media":0,"parent":0,"menu_order":0,"comment_status":"closed","ping_status":"closed","template":"","meta":{"_lmt_disableupdate":"no","_lmt_disable":""},"_links":{"self":[{"href":"http:\/\/www.golden-heart-even.de\/cms\/wp-json\/wp\/v2\/pages\/1016"}],"collection":[{"href":"http:\/\/www.golden-heart-even.de\/cms\/wp-json\/wp\/v2\/pages"}],"about":[{"href":"http:\/\/www.golden-heart-even.de\/cms\/wp-json\/wp\/v2\/types\/page"}],"author":[{"embeddable":true,"href":"http:\/\/www.golden-heart-even.de\/cms\/wp-json\/wp\/v2\/users\/1"}],"replies":[{"embeddable":true,"href":"http:\/\/www.golden-heart-even.de\/cms\/wp-json\/wp\/v2\/comments?post=1016"}],"version-history":[{"count":11,"href":"http:\/\/www.golden-heart-even.de\/cms\/wp-json\/wp\/v2\/pages\/1016\/revisions"}],"predecessor-version":[{"id":2686,"href":"http:\/\/www.golden-heart-even.de\/cms\/wp-json\/wp\/v2\/pages\/1016\/revisions\/2686"}],"wp:attachment":[{"href":"http:\/\/www.golden-heart-even.de\/cms\/wp-json\/wp\/v2\/media?parent=1016"}],"curies":[{"name":"wp","href":"https:\/\/api.w.org\/{rel}","templated":true}]}}