{"id":1495,"date":"2018-11-13T12:41:11","date_gmt":"2018-11-13T11:41:11","guid":{"rendered":"http:\/\/www.golden-heart-even.de\/cms\/?page_id=1495"},"modified":"2024-12-12T14:10:43","modified_gmt":"2024-12-12T13:10:43","slug":"links","status":"publish","type":"page","link":"http:\/\/www.golden-heart-even.de\/cms\/links\/","title":{"rendered":"Links"},"content":{"rendered":"<div id='av_section_1'  class='avia-section av-cm3bi-fdd5deb7c420d3f4f6c770cc1babea79 main_color avia-section-default avia-no-border-styling  avia-builder-el-0  avia-builder-el-no-sibling  avia-bg-style-scroll container_wrap fullsize'  ><div class='container av-section-cont-open' ><main  role=\"main\" itemprop=\"mainContentOfPage\"  class='template-page content  av-content-full alpha units'><div class='post-entry post-entry-type-page post-entry-1495'><div class='entry-content-wrapper clearfix'>\n\n<style type=\"text\/css\" data-created_by=\"avia_inline_auto\" id=\"style-css-av-25rha-38bd95d0c884b6374fba6a9d020e5287\">\n.flex_column.av-25rha-38bd95d0c884b6374fba6a9d020e5287{\n-webkit-border-radius:0px 0px 0px 0px;\n-moz-border-radius:0px 0px 0px 0px;\nborder-radius:0px 0px 0px 0px;\npadding:0px 0px 0px 0px;\n}\n<\/style>\n<div class='flex_column av-25rha-38bd95d0c884b6374fba6a9d020e5287 av_one_full  avia-builder-el-1  el_before_av_one_half  avia-builder-el-first  first flex_column_div av-zero-column-padding '     ><p>\n<style type=\"text\/css\" data-created_by=\"avia_inline_auto\" id=\"style-css-av-2qq4on-ec98471753c62131e997a97626d17ba2\">\n#top .av-special-heading.av-2qq4on-ec98471753c62131e997a97626d17ba2{\npadding-bottom:10px;\n}\nbody .av-special-heading.av-2qq4on-ec98471753c62131e997a97626d17ba2 .av-special-heading-tag .heading-char{\nfont-size:25px;\n}\n.av-special-heading.av-2qq4on-ec98471753c62131e997a97626d17ba2 .av-subheading{\nfont-size:20px;\n}\n<\/style>\n<div  class='av-special-heading av-2qq4on-ec98471753c62131e997a97626d17ba2 av-special-heading-h2 blockquote modern-quote modern-centered  avia-builder-el-2  el_before_av_hr  avia-builder-el-first '><h2 class='av-special-heading-tag'  itemprop=\"headline\"  >Links<\/h2><div class=\"special-heading-border\"><div class=\"special-heading-inner-border\"><\/div><\/div><\/div><br \/>\n\n<style type=\"text\/css\" data-created_by=\"avia_inline_auto\" id=\"style-css-av-jn013j17-1bd0278c002d432db903c3894a9c64f1\">\n#top .hr.hr-invisible.av-jn013j17-1bd0278c002d432db903c3894a9c64f1{\nheight:20px;\n}\n<\/style>\n<div  class='hr av-jn013j17-1bd0278c002d432db903c3894a9c64f1 hr-invisible  avia-builder-el-3  el_after_av_heading  avia-builder-el-last '><span class='hr-inner '><span class=\"hr-inner-style\"><\/span><\/span><\/div><\/p><\/div>\n<style type=\"text\/css\" data-created_by=\"avia_inline_auto\" id=\"style-css-av-dn672-a1d14e7cc4e9f2bc3005ad2cdfd3f482\">\n.flex_column.av-dn672-a1d14e7cc4e9f2bc3005ad2cdfd3f482{\n-webkit-border-radius:0px 0px 0px 0px;\n-moz-border-radius:0px 0px 0px 0px;\nborder-radius:0px 0px 0px 0px;\npadding:0px 0px 0px 0px;\n}\n<\/style>\n<div class='flex_column av-dn672-a1d14e7cc4e9f2bc3005ad2cdfd3f482 av_one_half  avia-builder-el-4  el_after_av_one_full  el_before_av_one_half  first flex_column_div av-zero-column-padding column-top-margin'     ><section  class='av_textblock_section av-jofs6yu6-c415c9db37218240bbbe9908d681ed74'  itemscope=\"itemscope\" itemtype=\"https:\/\/schema.org\/CreativeWork\" ><div class='avia_textblock'  itemprop=\"text\" ><h3>Z\u00fcchter und Deckr\u00fcdenbesitzer<\/h3>\n<\/div><\/section><br \/>\n<section  class='av_textblock_section av-jofo1ckk-adb5ccfe09d8c4d3a5d97b55d7e6b153'  itemscope=\"itemscope\" itemtype=\"https:\/\/schema.org\/CreativeWork\" ><div class='avia_textblock'  itemprop=\"text\" ><p><img decoding=\"async\" loading=\"lazy\" class=\"alignnone size-full wp-image-1490\" src=\"http:\/\/www.golden-heart-even.de\/cms\/wp-content\/uploads\/2018\/11\/de.jpg\" alt=\"\" width=\"66\" height=\"40\" \/><br \/>\n<a href=\"http:\/\/www.barriers-golden.de\/\" target=\"_blank\" rel=\"noopener\">Barrier`s Golden<\/a><br \/>\n<a href=\"http:\/\/www.faithful-heart.de\/\" target=\"_blank\" rel=\"noopener\">Faithful Heart<\/a><br \/>\n<a href=\"http:\/\/www.goldencandy.de\/\" target=\"_blank\" rel=\"noopener\">Goldencandy<\/a><br \/>\n<a href=\"http:\/\/www.crossmeadows-golden.de\/\" target=\"_blank\" rel=\"noopener\">Cross Meadows<\/a><br \/>\n<a href=\"https:\/\/our-golden-guys.de\/\" target=\"_blank\" rel=\"noopener\">Our golden Guys<\/a><br \/>\n<a href=\"http:\/\/golden-steel.jimdo.com\/\" target=\"_blank\" rel=\"noopener\">Golden Steel<\/a><br \/>\n<a href=\"http:\/\/www.mygoldenpassion.de\" target=\"_blank\" rel=\"noopener\">My Golden Passion<\/a><br \/>\n<a href=\"http:\/\/www.raeuberburger-landleben.de\/\" target=\"_blank\" rel=\"noopener\">Golden Retriever von der R\u00e4uberburg<\/a><br \/>\n<a href=\"http:\/\/secret-of-happiness.de\/\" target=\"_blank\" rel=\"noopener\">Secret of Happiness<\/a><\/p>\n<p><img decoding=\"async\" loading=\"lazy\" class=\"alignnone size-full wp-image-1488\" src=\"http:\/\/www.golden-heart-even.de\/cms\/wp-content\/uploads\/2018\/11\/ch.jpg\" alt=\"\" width=\"66\" height=\"40\" \/><br \/>\n<a href=\"http:\/\/www.jewelhope.ch\/\" target=\"_blank\" rel=\"noopener\">Jewelhope<\/a><br \/>\n<a href=\"http:\/\/www.romidas.ch\/\" target=\"_blank\" rel=\"noopener\">Romidas<\/a><br \/>\n<a href=\"http:\/\/www.goldenmotions.ch\/\" target=\"_blank\" rel=\"noopener\">Golden Motions<\/a><br \/>\n<a href=\"http:\/\/www.highhopes.ch\/d_index.html\" target=\"_blank\" rel=\"noopener\">High Hopes<\/a><br \/>\n<a href=\"http:\/\/of-mosslake.ch\/\" target=\"_blank\" rel=\"noopener\">of Mosslake<br \/>\n<\/a><a href=\"http:\/\/www.goldenfall.ch\/\" target=\"_blank\" rel=\"noopener\">Golden Fall<\/a><\/p>\n<p><img decoding=\"async\" loading=\"lazy\" class=\"alignnone size-full wp-image-1498\" src=\"http:\/\/www.golden-heart-even.de\/cms\/wp-content\/uploads\/2018\/11\/gb.jpg\" alt=\"\" width=\"66\" height=\"40\" \/><br \/>\n<a href=\"http:\/\/www.cesarka.com\/\" target=\"_blank\" rel=\"noopener\">Cesarka<\/a><br \/>\n<a href=\"http:\/\/cesarkajust-the-one.webs.com\/\" target=\"_blank\" rel=\"noopener\">Cesarka Just the one<\/a><\/p>\n<\/div><\/section><\/p><\/div>\n<style type=\"text\/css\" data-created_by=\"avia_inline_auto\" id=\"style-css-av-7dwmm-57ccfe85dc8627bc4da0f355be3cee01\">\n.flex_column.av-7dwmm-57ccfe85dc8627bc4da0f355be3cee01{\n-webkit-border-radius:0px 0px 0px 0px;\n-moz-border-radius:0px 0px 0px 0px;\nborder-radius:0px 0px 0px 0px;\npadding:0px 0px 0px 0px;\n}\n<\/style>\n<div class='flex_column av-7dwmm-57ccfe85dc8627bc4da0f355be3cee01 av_one_half  avia-builder-el-7  el_after_av_one_half  el_before_av_one_fourth  flex_column_div av-zero-column-padding column-top-margin'     ><section  class='av_textblock_section av-jofrkw8n-bdb126b9e16afbe26aa0ea89ad96080b'  itemscope=\"itemscope\" itemtype=\"https:\/\/schema.org\/CreativeWork\" ><div class='avia_textblock'  itemprop=\"text\" ><p><img decoding=\"async\" loading=\"lazy\" class=\"alignnone size-full wp-image-1492\" src=\"http:\/\/www.golden-heart-even.de\/cms\/wp-content\/uploads\/2018\/11\/it.jpg\" alt=\"\" width=\"66\" height=\"40\" \/><br \/>\n<a href=\"http:\/\/www.starrynightgolden.it\/\" target=\"_blank\" rel=\"noopener\">Starrynight<\/a><br \/>\n<a href=\"http:\/\/www.doublewillow.com\/the-double-willow-breeding\/\" target=\"_blank\" rel=\"noopener\">Double Willow<\/a><\/p>\n<p><img decoding=\"async\" loading=\"lazy\" class=\"alignnone size-full wp-image-1493\" src=\"http:\/\/www.golden-heart-even.de\/cms\/wp-content\/uploads\/2018\/11\/fi.jpg\" alt=\"\" width=\"66\" height=\"40\" \/><br \/>\n<a href=\"http:\/\/www.dailyrays.com\/\" target=\"_blank\" rel=\"noopener\">Daily Rays<\/a><br \/>\n<a href=\"https:\/\/sites.google.com\/site\/heiniwiik\/home\" target=\"_blank\" rel=\"noopener\">Veeti &amp; Wilson<\/a><\/p>\n<p><img decoding=\"async\" loading=\"lazy\" class=\"alignnone size-full wp-image-1491\" src=\"http:\/\/www.golden-heart-even.de\/cms\/wp-content\/uploads\/2018\/11\/irl.jpg\" alt=\"\" width=\"66\" height=\"40\" \/><br \/>\n<a href=\"http:\/\/www.raistin.com\/\">Raistin<\/a><\/p>\n<p><img decoding=\"async\" loading=\"lazy\" class=\"alignnone size-full wp-image-1486\" src=\"http:\/\/www.golden-heart-even.de\/cms\/wp-content\/uploads\/2018\/11\/at.jpg\" alt=\"\" width=\"66\" height=\"40\" \/><br \/>\n<a href=\"http:\/\/www.goldenretrievers.co.at\/\" target=\"_blank\" rel=\"noopener\">Elkarima`s<\/a><br \/>\n<a href=\"http:\/\/www.desiguals-retriever.at\/\" target=\"_blank\" rel=\"noopener\">Desiguals Retriever<\/a><\/p>\n<p><img decoding=\"async\" loading=\"lazy\" class=\"alignnone size-full wp-image-1487\" src=\"http:\/\/www.golden-heart-even.de\/cms\/wp-content\/uploads\/2018\/11\/be.jpg\" alt=\"\" width=\"66\" height=\"40\" \/><br \/>\n<a href=\"http:\/\/www.dayrasgoldens.be\" target=\"_blank\" rel=\"noopener\">Dayra&#8217;s Goldens<\/a><br \/>\n<a href=\"http:\/\/www.sunshinesvalley.be\/\" target=\"_blank\" rel=\"noopener\">of Sunshine&#8217;s Valley<\/a><\/p>\n<p><img decoding=\"async\" loading=\"lazy\" class=\"alignnone size-full wp-image-1489\" src=\"http:\/\/www.golden-heart-even.de\/cms\/wp-content\/uploads\/2018\/11\/cz.jpg\" alt=\"\" width=\"66\" height=\"40\" \/><br \/>\n<a href=\"http:\/\/www.poustnivitr.com\/menu_eng.htm\" target=\"_blank\" rel=\"noopener\">Pou\u0161tn\u00ed v\u00edtr<\/a><br \/>\n<a href=\"www.magandas.com\" target=\"_blank\" rel=\"noopener\">Magdalena R\u016f\u017ei\u010dkova<\/a><br \/>\n<a href=\"http:\/\/www.zboticskychmeandru.cz\/cz\/\" target=\"_blank\" rel=\"noopener\">z Boti\u010dsk\u00fdch Meandr\u016f<\/a><\/p>\n<\/div><\/section><\/div>\n<style type=\"text\/css\" data-created_by=\"avia_inline_auto\" id=\"style-css-av-gyo6f-724fab2ca4d2a08913d9b13a6c6d2894\">\n.flex_column.av-gyo6f-724fab2ca4d2a08913d9b13a6c6d2894{\n-webkit-border-radius:0px 0px 0px 0px;\n-moz-border-radius:0px 0px 0px 0px;\nborder-radius:0px 0px 0px 0px;\npadding:0px 0px 0px 0px;\n}\n<\/style>\n<div class='flex_column av-gyo6f-724fab2ca4d2a08913d9b13a6c6d2894 av_one_fourth  avia-builder-el-9  el_after_av_one_half  el_before_av_one_half  first flex_column_div av-zero-column-padding column-top-margin'     ><\/div>\n<style type=\"text\/css\" data-created_by=\"avia_inline_auto\" id=\"style-css-av-899hi-0587c39e88f21193afba999d9e7952db\">\n.flex_column.av-899hi-0587c39e88f21193afba999d9e7952db{\n-webkit-border-radius:0px 0px 0px 0px;\n-moz-border-radius:0px 0px 0px 0px;\nborder-radius:0px 0px 0px 0px;\npadding:0px 0px 0px 0px;\n}\n<\/style>\n<div class='flex_column av-899hi-0587c39e88f21193afba999d9e7952db av_one_half  avia-builder-el-10  el_after_av_one_fourth  el_before_av_one_fourth  flex_column_div av-zero-column-padding column-top-margin'     ><section  class='av_textblock_section av-jofs6hcn-e3f0c0df54e3ae873a4034d02371008d'  itemscope=\"itemscope\" itemtype=\"https:\/\/schema.org\/CreativeWork\" ><div class='avia_textblock'  itemprop=\"text\" ><h3>Sonstiges<\/h3>\n<\/div><\/section><br \/>\n<section  class='av_textblock_section av-jofs2xe0-b542380e04a9b7f993c72722857f54f9'  itemscope=\"itemscope\" itemtype=\"https:\/\/schema.org\/CreativeWork\" ><div class='avia_textblock'  itemprop=\"text\" ><p><a href=\"https:\/\/www.passion-paws.de\" target=\"_blank\" rel=\"noopener\">Passion Paws, Petra Tischner<\/a> (Fotografie, Kalender und mehr)<br \/>\n<a href=\"http:\/\/www.fotoandweb.de\" target=\"_blank\" rel=\"noopener\">Foto and Web<\/a> (Fotografie, Workshops, Webdesign)<br \/>\n<a href=\"http:\/\/www.dogs-spa.de\/index.html\" target=\"_blank\" rel=\"noopener\">Dogs Spa, Nicole Blank<\/a> (Hundephysiotheraphie)<br \/>\n<a href=\"http:\/\/www.laufstark-praxis.de\/\" target=\"_blank\" rel=\"noopener\">Laufstark Praxis<\/a> (Hundephysiotheraphie)<br \/>\n<a href=\"http:\/\/www.more4labs.de\/\" target=\"_blank\" rel=\"noopener\">More 4 Labs<\/a> (Claudia Kundel)<\/p>\n<\/div><\/section><\/p><\/div>\n<style type=\"text\/css\" data-created_by=\"avia_inline_auto\" id=\"style-css-av-9lbpj-f57fe92800ce431f30122e9ae509a3cf\">\n.flex_column.av-9lbpj-f57fe92800ce431f30122e9ae509a3cf{\n-webkit-border-radius:0px 0px 0px 0px;\n-moz-border-radius:0px 0px 0px 0px;\nborder-radius:0px 0px 0px 0px;\npadding:0px 0px 0px 0px;\n}\n<\/style>\n<div class='flex_column av-9lbpj-f57fe92800ce431f30122e9ae509a3cf av_one_fourth  avia-builder-el-13  el_after_av_one_half  avia-builder-el-last  flex_column_div av-zero-column-padding column-top-margin'     ><\/div>\n","protected":false},"excerpt":{"rendered":"","protected":false},"author":1,"featured_media":0,"parent":0,"menu_order":0,"comment_status":"closed","ping_status":"closed","template":"","meta":{"_lmt_disableupdate":"no","_lmt_disable":""},"_links":{"self":[{"href":"http:\/\/www.golden-heart-even.de\/cms\/wp-json\/wp\/v2\/pages\/1495"}],"collection":[{"href":"http:\/\/www.golden-heart-even.de\/cms\/wp-json\/wp\/v2\/pages"}],"about":[{"href":"http:\/\/www.golden-heart-even.de\/cms\/wp-json\/wp\/v2\/types\/page"}],"author":[{"embeddable":true,"href":"http:\/\/www.golden-heart-even.de\/cms\/wp-json\/wp\/v2\/users\/1"}],"replies":[{"embeddable":true,"href":"http:\/\/www.golden-heart-even.de\/cms\/wp-json\/wp\/v2\/comments?post=1495"}],"version-history":[{"count":16,"href":"http:\/\/www.golden-heart-even.de\/cms\/wp-json\/wp\/v2\/pages\/1495\/revisions"}],"predecessor-version":[{"id":3446,"href":"http:\/\/www.golden-heart-even.de\/cms\/wp-json\/wp\/v2\/pages\/1495\/revisions\/3446"}],"wp:attachment":[{"href":"http:\/\/www.golden-heart-even.de\/cms\/wp-json\/wp\/v2\/media?parent=1495"}],"curies":[{"name":"wp","href":"https:\/\/api.w.org\/{rel}","templated":true}]}}