{"id":177,"date":"2018-10-08T11:17:52","date_gmt":"2018-10-08T09:17:52","guid":{"rendered":"http:\/\/www.golden-heart-even.de\/cms\/?page_id=177"},"modified":"2018-11-08T12:56:39","modified_gmt":"2018-11-08T11:56:39","slug":"finn-showerfolge","status":"publish","type":"page","link":"http:\/\/www.golden-heart-even.de\/cms\/finn-showerfolge\/","title":{"rendered":"Finn &#8211;  Showerfolge"},"content":{"rendered":"\n<style type=\"text\/css\" data-created_by=\"avia_inline_auto\" id=\"style-css-av-aqx5d-e504fd30a2de65d082953dad96be5a09\">\n.flex_column.av-aqx5d-e504fd30a2de65d082953dad96be5a09{\n-webkit-border-radius:0px 0px 0px 0px;\n-moz-border-radius:0px 0px 0px 0px;\nborder-radius:0px 0px 0px 0px;\npadding:0px 0px 0px 0px;\n}\n<\/style>\n<div class='flex_column av-aqx5d-e504fd30a2de65d082953dad96be5a09 av_one_full  avia-builder-el-0  avia-builder-el-no-sibling  first flex_column_div av-zero-column-padding '     ><p>\n<style type=\"text\/css\" data-created_by=\"avia_inline_auto\" id=\"style-css-av-av_heading-404752062a6b8f9f80d087ea08464276\">\n#top .av-special-heading.av-av_heading-404752062a6b8f9f80d087ea08464276{\npadding-bottom:10px;\n}\nbody .av-special-heading.av-av_heading-404752062a6b8f9f80d087ea08464276 .av-special-heading-tag .heading-char{\nfont-size:25px;\n}\n.av-special-heading.av-av_heading-404752062a6b8f9f80d087ea08464276 .av-subheading{\nfont-size:15px;\n}\n<\/style>\n<div  class='av-special-heading av-av_heading-404752062a6b8f9f80d087ea08464276 av-special-heading-h2 blockquote modern-quote modern-centered  avia-builder-el-1  el_before_av_hr  avia-builder-el-first '><h2 class='av-special-heading-tag'  itemprop=\"headline\"  >Madison of Magic Hearts Avec Amour &#8211; Showerfolge<\/h2><div class=\"special-heading-border\"><div class=\"special-heading-inner-border\"><\/div><\/div><\/div><br \/>\n\n<style type=\"text\/css\" data-created_by=\"avia_inline_auto\" id=\"style-css-av-jn04f634-a3126eb5ad4c8b5fc7473d9ab09fbdcf\">\n#top .hr.hr-invisible.av-jn04f634-a3126eb5ad4c8b5fc7473d9ab09fbdcf{\nheight:30px;\n}\n<\/style>\n<div  class='hr av-jn04f634-a3126eb5ad4c8b5fc7473d9ab09fbdcf hr-invisible  avia-builder-el-2  el_after_av_heading  el_before_av_image '><span class='hr-inner '><span class=\"hr-inner-style\"><\/span><\/span><\/div><br \/>\n\n<style type=\"text\/css\" data-created_by=\"avia_inline_auto\" id=\"style-css-av-jn04e95t-3f09bf88261406000efc461e9fdfead0\">\n.avia-image-container.av-jn04e95t-3f09bf88261406000efc461e9fdfead0 img.avia_image{\nbox-shadow:none;\n}\n.avia-image-container.av-jn04e95t-3f09bf88261406000efc461e9fdfead0 .av-image-caption-overlay-center{\ncolor:#ffffff;\n}\n<\/style>\n<div  class='avia-image-container av-jn04e95t-3f09bf88261406000efc461e9fdfead0 av-styling- avia-align-center  avia-builder-el-3  el_after_av_hr  el_before_av_hr '   itemprop=\"image\" itemscope=\"itemscope\" itemtype=\"https:\/\/schema.org\/ImageObject\" ><div class=\"avia-image-container-inner\"><div class=\"avia-image-overlay-wrap\"><img decoding=\"async\" class='wp-image-191 avia-img-lazy-loading-not-191 avia_image ' src=\"http:\/\/www.golden-heart-even.de\/cms\/wp-content\/uploads\/2018\/10\/finn-show.jpg\" alt='' title='finn-show'  height=\"278\" width=\"420\"  itemprop=\"thumbnailUrl\" srcset=\"http:\/\/www.golden-heart-even.de\/cms\/wp-content\/uploads\/2018\/10\/finn-show.jpg 420w, http:\/\/www.golden-heart-even.de\/cms\/wp-content\/uploads\/2018\/10\/finn-show-300x199.jpg 300w\" sizes=\"(max-width: 420px) 100vw, 420px\" \/><\/div><\/div><\/div><br \/>\n\n<style type=\"text\/css\" data-created_by=\"avia_inline_auto\" id=\"style-css-av-jn04f634-7eafa685e5aa5a8d69e9d16141cd8d72\">\n#top .hr.hr-invisible.av-jn04f634-7eafa685e5aa5a8d69e9d16141cd8d72{\nheight:50px;\n}\n<\/style>\n<div  class='hr av-jn04f634-7eafa685e5aa5a8d69e9d16141cd8d72 hr-invisible  avia-builder-el-4  el_after_av_image  el_before_av_textblock '><span class='hr-inner '><span class=\"hr-inner-style\"><\/span><\/span><\/div><br \/>\n<section  class='av_textblock_section av-jn04gfay-1695d730010de067cd830c43c5e66247'  itemscope=\"itemscope\" itemtype=\"https:\/\/schema.org\/CreativeWork\" ><div class='avia_textblock'  itemprop=\"text\" ><p><strong>Einige der wundersch\u00f6nen Richterberichte:<\/strong><br \/>\nBericht Penny Gowland:<br \/>\nWell grown 14 month old dog, who is at the correct stage of the developement of his age. I like his size and his bodily proportions with a good lenght of visible legs, clean balanced outline, lovely head and expression, with good pigment, strong neck, balanced angulation, good bone, pasterns and catlike feet, level topline, good coup and tailset, correct turn of stifle, good texture of coat.<\/p>\n<p>Bericht Dagmar Winter:<br \/>\n23 Monate alter R\u00fcde, schon sehr fertig in seiner Entwicklung, maskuliner Kopf, kr\u00e4ftiger Hals, top Oberlinie, seht gut asugepr\u00e4gte Vorbrust, guter Oberarml\u00e4nge, korrekte Winkelung Vor.- und Hinterhand, top Fellanlage, bewegt sich mit gutem Schub und Vortritt<\/p>\n<\/div><\/section><br \/>\n\n<style type=\"text\/css\" data-created_by=\"avia_inline_auto\" id=\"style-css-av-jn04f634-7eafa685e5aa5a8d69e9d16141cd8d72\">\n#top .hr.hr-invisible.av-jn04f634-7eafa685e5aa5a8d69e9d16141cd8d72{\nheight:50px;\n}\n<\/style>\n<div  class='hr av-jn04f634-7eafa685e5aa5a8d69e9d16141cd8d72 hr-invisible  avia-builder-el-6  el_after_av_textblock  el_before_av_textblock '><span class='hr-inner '><span class=\"hr-inner-style\"><\/span><\/span><\/div><br \/>\n<section  class='av_textblock_section av-jn04gfay-1695d730010de067cd830c43c5e66247'  itemscope=\"itemscope\" itemtype=\"https:\/\/schema.org\/CreativeWork\" ><div class='avia_textblock'  itemprop=\"text\" ><table>\n<tbody>\n<tr>\n<td>23.07.2017<\/td>\n<td>GRC SRA Bernburg<\/td>\n<td>Zwischenklasse<\/td>\n<td>V1 CAC, Anw. Dt.Ch VDH &amp; Club<\/td>\n<td>Dagmar Winter<\/td>\n<\/tr>\n<tr>\n<td>17.07.2017<\/td>\n<td>DRC Clubschau Oberhausen<\/td>\n<td>Zwischenklasse<\/td>\n<td>V3<\/td>\n<td>Peter King<\/td>\n<\/tr>\n<tr>\n<td>03.07.2017<\/td>\n<td>DRC SRA Heroldsbach<\/td>\n<td>Zwischenklasse<\/td>\n<td>V2, Res. CAC<\/td>\n<td>Saskia Rathenau<\/td>\n<\/tr>\n<tr>\n<td>02.07.2017<\/td>\n<td>Nat. Ausstellung Meisdorf<\/td>\n<td>Zwischenklasse<\/td>\n<td>V1 CAC, Anw. Dt.CH VDH<\/td>\n<td>Marian Dragnescu<\/td>\n<\/tr>\n<tr>\n<td>24.06.2017<\/td>\n<td>DRC SRA Aichach<\/td>\n<td>Zwischenklasse<\/td>\n<td>V1 CAC, Anw. Dt.CH VDH &amp; Club<\/td>\n<td>Beate Ting<\/td>\n<\/tr>\n<tr>\n<td>22.10.2016<\/td>\n<td>GRC SRA M\u00fchldorf<\/td>\n<td>Jugendklasse<\/td>\n<td>V1 CAC, Anw. Dt. JCH VDH &amp; Club<\/td>\n<td>Penny Gowland<\/td>\n<\/tr>\n<tr>\n<td>17.09.2016<\/td>\n<td>DRC SRA Winnenden<\/td>\n<td>Jugendklasse<\/td>\n<td>SG1<\/td>\n<td>Ann Stephenson<\/td>\n<\/tr>\n<tr>\n<td>25.06.2016<\/td>\n<td>DRC SRA Aichach<\/td>\n<td>Jugendklasse<\/td>\n<td>V1<\/td>\n<td>Susanne Forchhammer<\/td>\n<\/tr>\n<tr>\n<td>29.04.2016<\/td>\n<td>DRC SRA Friedberg<\/td>\n<td>J\u00fcngstenklasse<\/td>\n<td>vv1, BIS J\u00fcngster<\/td>\n<td>Borge Espeland<\/td>\n<\/tr>\n<\/tbody>\n<\/table>\n<\/div><\/section><\/p><\/div>\n","protected":false},"excerpt":{"rendered":"","protected":false},"author":1,"featured_media":0,"parent":0,"menu_order":0,"comment_status":"closed","ping_status":"closed","template":"","meta":{"_lmt_disableupdate":"","_lmt_disable":""},"_links":{"self":[{"href":"http:\/\/www.golden-heart-even.de\/cms\/wp-json\/wp\/v2\/pages\/177"}],"collection":[{"href":"http:\/\/www.golden-heart-even.de\/cms\/wp-json\/wp\/v2\/pages"}],"about":[{"href":"http:\/\/www.golden-heart-even.de\/cms\/wp-json\/wp\/v2\/types\/page"}],"author":[{"embeddable":true,"href":"http:\/\/www.golden-heart-even.de\/cms\/wp-json\/wp\/v2\/users\/1"}],"replies":[{"embeddable":true,"href":"http:\/\/www.golden-heart-even.de\/cms\/wp-json\/wp\/v2\/comments?post=177"}],"version-history":[{"count":21,"href":"http:\/\/www.golden-heart-even.de\/cms\/wp-json\/wp\/v2\/pages\/177\/revisions"}],"predecessor-version":[{"id":611,"href":"http:\/\/www.golden-heart-even.de\/cms\/wp-json\/wp\/v2\/pages\/177\/revisions\/611"}],"wp:attachment":[{"href":"http:\/\/www.golden-heart-even.de\/cms\/wp-json\/wp\/v2\/media?parent=177"}],"curies":[{"name":"wp","href":"https:\/\/api.w.org\/{rel}","templated":true}]}}