{"id":2015,"date":"2019-11-28T11:01:05","date_gmt":"2019-11-28T10:01:05","guid":{"rendered":"http:\/\/www.golden-heart-even.de\/cms\/?page_id=2015"},"modified":"2020-08-19T09:27:55","modified_gmt":"2020-08-19T07:27:55","slug":"f-wurf","status":"publish","type":"page","link":"http:\/\/www.golden-heart-even.de\/cms\/f-wurf\/","title":{"rendered":"F &#8211; Wurf"},"content":{"rendered":"\n<style type=\"text\/css\" data-created_by=\"avia_inline_auto\" id=\"style-css-av-25rha-38bd95d0c884b6374fba6a9d020e5287\">\n.flex_column.av-25rha-38bd95d0c884b6374fba6a9d020e5287{\n-webkit-border-radius:0px 0px 0px 0px;\n-moz-border-radius:0px 0px 0px 0px;\nborder-radius:0px 0px 0px 0px;\npadding:0px 0px 0px 0px;\n}\n<\/style>\n<div class='flex_column av-25rha-38bd95d0c884b6374fba6a9d020e5287 av_one_full  avia-builder-el-0  el_before_av_hr  avia-builder-el-first  first flex_column_div av-zero-column-padding '     ><p>\n<style type=\"text\/css\" data-created_by=\"avia_inline_auto\" id=\"style-css-av-ke1209a3-cb8dab4759e2cbfeb4454252ce48e5ea\">\n#top .av-special-heading.av-ke1209a3-cb8dab4759e2cbfeb4454252ce48e5ea{\npadding-bottom:10px;\n}\nbody .av-special-heading.av-ke1209a3-cb8dab4759e2cbfeb4454252ce48e5ea .av-special-heading-tag .heading-char{\nfont-size:25px;\n}\n.av-special-heading.av-ke1209a3-cb8dab4759e2cbfeb4454252ce48e5ea .av-subheading{\nfont-size:20px;\n}\n<\/style>\n<div  class='av-special-heading av-ke1209a3-cb8dab4759e2cbfeb4454252ce48e5ea av-special-heading-h2 blockquote modern-quote modern-centered  avia-builder-el-1  el_before_av_image  avia-builder-el-first '><h2 class='av-special-heading-tag'  itemprop=\"headline\"  >F &#8211; Wurf<\/h2><div class='av-subheading av-subheading_below'><p>DOB 15. Februar 2020 &#8211; 3 R\u00fcden \/ 5 H\u00fcndinnen<\/p>\n<\/div><div class=\"special-heading-border\"><div class=\"special-heading-inner-border\"><\/div><\/div><\/div><br \/>\n\n<style type=\"text\/css\" data-created_by=\"avia_inline_auto\" id=\"style-css-av-afyti-8ef0286858d286e1915d626aa534e290\">\n.avia-image-container.av-afyti-8ef0286858d286e1915d626aa534e290 img.avia_image{\nbox-shadow:none;\n}\n.avia-image-container.av-afyti-8ef0286858d286e1915d626aa534e290 .av-image-caption-overlay-center{\ncolor:#ffffff;\n}\n<\/style>\n<div  class='avia-image-container av-afyti-8ef0286858d286e1915d626aa534e290 av-styling- avia-align-center  avia-builder-el-2  el_after_av_heading  avia-builder-el-last '   itemprop=\"image\" itemscope=\"itemscope\" itemtype=\"https:\/\/schema.org\/ImageObject\" ><div class=\"avia-image-container-inner\"><div class=\"avia-image-overlay-wrap\"><img decoding=\"async\" class='wp-image-2301 avia-img-lazy-loading-not-2301 avia_image ' src=\"http:\/\/www.golden-heart-even.de\/cms\/wp-content\/uploads\/2019\/11\/littercard-f-wurf-s.jpg\" alt='' title='littercard-f-wurf-s'  height=\"725\" width=\"600\"  itemprop=\"thumbnailUrl\" srcset=\"http:\/\/www.golden-heart-even.de\/cms\/wp-content\/uploads\/2019\/11\/littercard-f-wurf-s.jpg 600w, http:\/\/www.golden-heart-even.de\/cms\/wp-content\/uploads\/2019\/11\/littercard-f-wurf-s-414x500.jpg 414w, http:\/\/www.golden-heart-even.de\/cms\/wp-content\/uploads\/2019\/11\/littercard-f-wurf-s-583x705.jpg 583w, http:\/\/www.golden-heart-even.de\/cms\/wp-content\/uploads\/2019\/11\/littercard-f-wurf-s-450x544.jpg 450w\" sizes=\"(max-width: 600px) 100vw, 600px\" \/><\/div><\/div><\/div><\/p><\/div>\n<style type=\"text\/css\" data-created_by=\"avia_inline_auto\" id=\"style-css-av-jn013j17-1bd0278c002d432db903c3894a9c64f1\">\n#top .hr.hr-invisible.av-jn013j17-1bd0278c002d432db903c3894a9c64f1{\nheight:20px;\n}\n<\/style>\n<div  class='hr av-jn013j17-1bd0278c002d432db903c3894a9c64f1 hr-invisible  avia-builder-el-3  el_after_av_one_full  el_before_av_one_half '><span class='hr-inner '><span class=\"hr-inner-style\"><\/span><\/span><\/div><\/p>\n\n<style type=\"text\/css\" data-created_by=\"avia_inline_auto\" id=\"style-css-av-1xbbsv-a9ce81800b4c70b5be1c38c7de41741b\">\n.flex_column.av-1xbbsv-a9ce81800b4c70b5be1c38c7de41741b{\n-webkit-border-radius:0px 0px 0px 0px;\n-moz-border-radius:0px 0px 0px 0px;\nborder-radius:0px 0px 0px 0px;\npadding:0px 0px 0px 0px;\n}\n<\/style>\n<div class='flex_column av-1xbbsv-a9ce81800b4c70b5be1c38c7de41741b av_one_half  avia-builder-el-4  el_after_av_hr  el_before_av_one_half  first flex_column_div av-zero-column-padding '     ><section  class='av_textblock_section av-jn02hhb1-3915294a53ccf549214dea18cd988456'  itemscope=\"itemscope\" itemtype=\"https:\/\/schema.org\/CreativeWork\" ><div class='avia_textblock'  itemprop=\"text\" ><p><a href=\"https:\/\/www.k9data.com\/pedigree.asp?ID=1043414\" target=\"_blank\" rel=\"noopener noreferrer\"><img decoding=\"async\" loading=\"lazy\" class=\"aligncenter wp-image-320 size-full\" src=\"http:\/\/www.golden-heart-even.de\/cms\/wp-content\/uploads\/2018\/11\/pedigree.png\" alt=\"\" width=\"200\" height=\"74\" \/><\/a><\/p>\n<\/div><\/section><\/div>\n\n<style type=\"text\/css\" data-created_by=\"avia_inline_auto\" id=\"style-css-av-90zbv-94e1fc08bfa1b0b83fa30755d862dd39\">\n.flex_column.av-90zbv-94e1fc08bfa1b0b83fa30755d862dd39{\n-webkit-border-radius:0px 0px 0px 0px;\n-moz-border-radius:0px 0px 0px 0px;\nborder-radius:0px 0px 0px 0px;\npadding:0px 0px 0px 0px;\n}\n<\/style>\n<div class='flex_column av-90zbv-94e1fc08bfa1b0b83fa30755d862dd39 av_one_half  avia-builder-el-6  el_after_av_one_half  el_before_av_textblock  flex_column_div av-zero-column-padding '     ><section  class='av_textblock_section av-jn02hhb1-3915294a53ccf549214dea18cd988456'  itemscope=\"itemscope\" itemtype=\"https:\/\/schema.org\/CreativeWork\" ><div class='avia_textblock'  itemprop=\"text\" ><p><a href=\"http:\/\/www.golden-heart-even.de\/cms\/f-wurf-fotos\/\" target=\"_blank\" rel=\"noopener noreferrer\"><img decoding=\"async\" loading=\"lazy\" class=\"aligncenter wp-image-393 size-full\" src=\"http:\/\/www.golden-heart-even.de\/cms\/wp-content\/uploads\/2018\/11\/fotos.png\" alt=\"\" width=\"200\" height=\"74\" \/><\/a><\/p>\n<\/div><\/section><\/div>\n<section  class='av_textblock_section av-k6xm8xc3-0ec1eab9d41c8f0689e4b876ed35e860'  itemscope=\"itemscope\" itemtype=\"https:\/\/schema.org\/CreativeWork\" ><div class='avia_textblock'  itemprop=\"text\" ><h3>Tagebuch<\/h3>\n<p><strong>22. April 2020<\/strong><\/p>\n<p>So und nun wie immer, kommen die letzten Zeilen von mir, Sabine:<\/p>\n<p>Das Haus ist leer, Coco, Faye, Fin, klein Gracie, Joshi, Mina, Mika und Nele sind ausgezogen und in ihren neuen zu Hause angekommen.<\/p>\n<p>Es ist sehr still hier und die kleine Armada fehlt uns allen sehr. Geboren in eine f\u00fcr uns alle doch sehr ungewisse Zeit, haben wir die letzten 9 wunderbaren Wochen hier mit den Babies verbracht. Gracie hat den Kaiserschnitt gut verarbeitet, auch wenn die Klinik wirklich geschlampt hat und ihre Kinder ganz wundervoll versorgt. Bis zuletzt hat sie sie immer noch zusammengerufen, ach war das eine Freude zu sehen, wie die Babies dann schnell angeflizt kamen.<br \/>\nKurz gesagt sie war wundervoll !!!<br \/>\nAuch Hope, Fin und unsere kleine Zaubermaus Eve, haben voller Freude mitgeholfen und bei s\u00e4mtlichen Unfug den die Kleinen angestellt haben, mitgemacht.<br \/>\nDer Abscheid f\u00e4llt mir dieses Mal wirklich sehr schwer, wahrscheinlich auch deshalb, da ich soviel Even in den Babies gesehen habe&#8230;..<\/p>\n<p>Alle zusammen haben wir den Babies kleine zarte Wurzeln gegeben, die nun in ganz wunderbaren Familien weiterwachsen d\u00fcrfen. Liebe Coco, Faye, Fin, klein Gracie, Joshi, Mina, Mika und Nele, machts gut und<br \/>\nbis ganz bald, hier in Ellwangen,<\/p>\n<p>Gracie, Hope, Fin, Eve, Sabine &amp; Raphael<\/p>\n<p><strong>14. April 2020<\/strong><br \/>\nSo, heute berichte ich euch von unseren Babies. Gracie, Fin und Eve haben ja echt keine Zeit &#8230;&#8230;..<br \/>\nGanz ehrlich und unter uns, ich bin schon eine richtig stolze Mama und Oma. Gracie macht das alles ganz phantastisch mit der kleinen R\u00e4uberbande.<br \/>\nWir sind eigentlich den ganzen Tag im Garten, im kleinen, da ist ein toller Spielplatz f\u00fcr die Babies und im gro\u00dfen Garten, dort d\u00fcrfen sie alles erkunden und ich kann euch sagen ein Sack Fl\u00f6he ist leichter zu h\u00fcten !!!!<br \/>\nWenn wir dann mal im Haus sind, helfen die Babies Sabine gaaaaanz flei\u00dfig mit. Beim Boden putzen, fangen Sie den Wischer, Socken zusammen legen das war einmal, die landen alle ganz ordentlich in der gro\u00dfen Spielkiste, wenn Sabine die Sp\u00fclmaschine ausr\u00e4umt, sitzen sie auf der Abdeckung, ich denke Sabine kann sich wirklich nicht beklagen.<br \/>\nFin und Eve sind ganz tolle gro\u00dfe Geschwister, obwohl manchmal drehen sie schon ganz sch\u00f6n auf und die spitzen Z\u00e4hnchen zwicken schon, aber am liebsten m\u00f6gen sie die F\u00fc\u00dfe von Raphael.<br \/>\nTja und jetzt sind es schon die letzten Tage, an denen die Zwerge bei uns sind, deswegen genie\u00dfen wir noch jede Minute mit der kleinen Rasselbande und gehen in den Garten, bis ganz bald,<br \/>\neure Hope<\/p>\n<p><strong>09. April 2020<\/strong><br \/>\nAuch wenn es mir schwer f\u00e4llt, mach ich doch eine kleine Pause und erz\u00e4hl euch ein bisserl von unseren kleinen Zuckerm\u00e4usen.<br \/>\nWobei Zuckerm\u00e4use, wisst Ihr wie frech die sind ????? Die turnen auf uns rum, spielen mit meinem Schwanz und zwicken meine Eve, aber das ist alles okay. Da haben wir doch nur drauf gewartet.<br \/>\nTja, der Garten, das war einmal &#8230;&#8230;&#8230;<br \/>\nWir haben einen gaaanz tollen Spielplatz f\u00fcr die Babies bekommen, ja und wisst Ihr das sch\u00f6ne Zelt finden sie so toll, das sie es schon auseinander genommen haben. Aber das haben bis jetzt ja alle Babies geschaffft &#8230;..<br \/>\nBei diesem sch\u00f6nen Wetter sind wir nat\u00fcrlich den ganzen Tag im Garten und die Babies haben riesen Spass und wir nat\u00fcrlich auch.<br \/>\nSabine hat uns gesagt, das die Babies bald ausziehen, das macht uns alle jetzt schon ein bisschen traurig. Aber alle werden ja schon sehns\u00fcchtig erwartet.<br \/>\nSo, jetzt kommt mein Raphael und wir gehen zusammen eine gro\u00dfe Runde laufen, bevor es zu warm wird.<br \/>\nHabt alle ein sch\u00f6nes Osterfest und bleibt gesund<br \/>\neuer Fin<\/p>\n<p><strong>23. M\u00e4rz 2020<\/strong><br \/>\nAlso ehrlich, jetzt komm ich auch noch in Stre\u00df &#8230;.. Soll ich euch mal sagen an was ICH ! alles denken muss ?<br \/>\nAm 15. M\u00e4rz hatten unsere kleinen C-chen Geburtstag, zwei Jahre sind schon wieder vorbei. Alle sind gesund und quietschfidel und halten ihre Familien ganz sch\u00f6n auf Trab, dann hatte Gracie am 15. M\u00e4rz Geburtstag. 6 Jahre ist Sie geworden. Wir haben Sie nat\u00fcrlich m\u00e4chtig verw\u00f6hnt, aber so arg viel Zeit hatte Sie f\u00fcr uns nicht, denn Sie ist so eine tolle Mama und versorgt die Babies ganz wunderbar. Ach ja, also das mit dem Essen geht jetzt schon super, aber das haben Sie sich von mir abgeschaut.<br \/>\nSabine hat m\u00e4chtig eingekauft, echt coole Sachen. Alle hab ich ausprobiert und dann mein okay gegeben. Nat\u00fcrlich haben Hope und Eve auch mitgeholfen.<br \/>\nDen Babies ist das Welpenzimmer zu klein geworden, jetzt marschieren Sie hier schon ganz cool durch die Wohnung. Ein bisserl frech sind Sie ja schon auch, aber das ist okay &#8211; ich freu mich doch, wenn wir jetzt zusammen spielen k\u00f6nnen.<br \/>\nEins muss ich euch schon noch sagen, die Sabine hat doch tats\u00e4chlich den Babies die Krallen geschnitten und die Pfoten getrimmt, aber das muss ja auch sein, so hat Sie uns ausnahmsweise vergessen.<br \/>\nWir haben alle zusammen viel Spa\u00df und genie\u00dfen die Zeit zusammen in vollen Z\u00fcgen. Bald d\u00fcrfen die Babies nach drau\u00dfen, da ist auch schon alles durcheinander und wird vorbereitet, da freuen wir uns wirklich drauf und das Wetter soll ja auch toll werden, also bis n\u00e4chste Woche<br \/>\nFin<\/p>\n<p><strong>09. M\u00e4rz 2020<\/strong><br \/>\nSo, jetzt habe ich beschlossen, das ich, Fin euch heute schreibe. Wisst Ihr sonst wird das nix, denn Hope und Eve sind die ganze Zeit damit besch\u00e4ftigt, den Babies zuzuschauen. Tja und meine Gracie hat ja sowieso keine Zeit mit 8 Babies &#8211; da hat sie schon ganz sch\u00f6n viel Arbeit.<br \/>\nNa ja und ich hab ja im Moment noch nix zu tun und somit erz\u00e4hle ich euch heute von unseren Babies.<br \/>\nSie sind ja schon zuckers\u00fc\u00df die Kleinen und jetzt erschrecken sie auch nicht mehr, wenn einer von ihnen mal bellt. Wir haben ja auch unsere Spieluhr immer angemacht, so da\u00df sie sich an Ger\u00e4usche gew\u00f6hnen k\u00f6nnen.<br \/>\nAber ich mu\u00df euch sagen, es ist ja schon eine ganz zuckers\u00fc\u00dfe kleine Bande. Sie krabbeln schon aus der Wurfkiste raus und fangen an miteinander zu spielen, das ist schon allerliebst.<br \/>\nJetzt verrate ich euch etwas, ich hab n\u00e4mlich ein bisserl aufgepasst, als Sabine die Babies gewogen hat UND !!! ich habe die Namen gefunden:<\/p>\n<p>For your eyes only<br \/>\nFantasy<br \/>\nFirst Love<br \/>\nFor once in my Life<br \/>\nFeel like making Love<br \/>\nFor the Love of you<br \/>\nFor Love x Love<br \/>\nFamous Girl<\/p>\n<p>Aber verratet mich nicht!!! Denn die Sabine hat mir erz\u00e4hlt, dass wir unbedingt neue Spielsachen brauchen, wenn ich mit den Babies spielen m\u00f6chte, bin mal gespannt was ihr da alles einf\u00e4llt.<br \/>\nAch ja und den ersten Brei gab es auch, war zwar schon ein bisserln eine Sauerei danach, aber das m\u00fcssen sie ja auch erst lernen, am besten sie schauen mir beim n\u00e4chsten Mal erst einmal zu, dann klappt das schon.<\/p>\n<p>So, das war&#8217;s f\u00fcr heute,<br \/>\nFin<\/p>\n<p><strong>03.M\u00e4rz 2020<\/strong><br \/>\nJa, ich wei\u00df ich bin zu sp\u00e4t, aber ich bin doch so verliebt in meine kleinen Enkelkinder.<br \/>\nEins muss ich euch gleich mal vornweg sagen, also meine Tochter Gracie die ist einfach super, super Klasse !!!<br \/>\neine richtig, richtig, tolle Mami. Alles, aber auch alles macht Sie alleine und die Babies wachsen ja so schnell und propper sind sie. Die kleinen \u00c4uglein und \u00d6hrchen sind jetzt auf, ach was war das wieder f\u00fcr ein Spektakel. Ja und dieser Augenblick wo Sie mich das erste Mal angesehen haben, so zauberhaft.<br \/>\nUnsere kleine Eve will auch schon immer mithelfen, aber da ist Sie ja noch ein bisserl zu jung. Ich hab Ihr gesagt, das Sie noch ein bisschen warten muss, bis die Babies gr\u00f6\u00dfer sind, da gibt es ja dann auch noch eine ganze Menge zu tun, vor allem spielen und das !!! kann Eve echt toll.<br \/>\nSabine hat uns die Namen f\u00fcr die Babies verraten, aber da m\u00fcsst Ihr noch bis n\u00e4chste Woche warten,<br \/>\nbis bald<br \/>\nHope<\/p>\n<p><strong>20. Februar 2020<\/strong><br \/>\nNach langem hin und her, haben wir alle gemeinsam beschlossen, das ich, Hope, euch dieses Mal erz\u00e4hle was wir mit den Babies von Gracie in den n\u00e4chsten Wochen so alles erleben.<br \/>\nAlso in der Samstagnacht sind Sabine &amp; Raphael ganz pl\u00f6tzlich mit meiner Tochter Gracie in die Klinik gefahren. Am fr\u00fchen Vormittag kamen Sie dann zusammen mit Gracie und 8 bezaubernden Babies zur\u00fcck. Es sind 5 M\u00e4dchen und 3 Buben, so wie bei mir bei meinem letzten Wurf. Das ist ganz sch\u00f6n viel Arbeit und besonders, denn so wie uns Sabine erz\u00e4hlt hat, hatte Gracie einen Kaiserschnitt. Fin, Eve und ich waren sehr traurig als Raphael uns gesagt hat, das ein kleiner Bub schon tot war, nat\u00fcrlich auch Sabine und Raphael. Aber sicher ist er gut bei seinem lieben Opa Even angekommen und der passt ganz bestimmt gut auf Ihn auf !!!!<br \/>\nSicher k\u00f6nnt Ihr euch denken, dass ich schon genau schaue, ob Gracie alles richtig macht oder ob ich helfen muss. Aber nein, sie ist eine Helikoptermama. Wisst Ihr was ????? Wenn sie Durst hat, dann bellt sie und Sabine oder Raphael springen dann ganz schnell und lassen sie trinken, weil sie ja nicht aus der Wurfkiste rausgeht. Das ist schon bisserl lustig.<br \/>\nDie Babies trinken und schlafen und trinken und schlafen. Aber sie wissen schon alle ganz genau was sie wollen. Ihr solltet mal sehen, was f\u00fcr ein Durcheinander das ist, bis jeder seine Zitze gefunden hat.<br \/>\nSo, das war es schon f\u00fcr heute, bis n\u00e4chste Woche<br \/>\nHope<\/p>\n<\/div><\/section>\n<section  class='av_textblock_section av-k3ijuqv8-a5cfea2971d4e3bc815204e5c649e915'  itemscope=\"itemscope\" itemtype=\"https:\/\/schema.org\/CreativeWork\" ><div class='avia_textblock'  itemprop=\"text\" ><h3 align=\"center\"><strong>Wenn Sie sich f\u00fcr einen Welpen aus unserer Zucht interessieren,<br \/>\nfreuen wir uns schon jetzt auf Ihre Anfrage<br \/>\nunter der Telefonnumer<\/strong> <strong>07961 &#8211; 9696150<\/strong><\/h3>\n<\/div><\/section>\n","protected":false},"excerpt":{"rendered":"","protected":false},"author":1,"featured_media":0,"parent":0,"menu_order":0,"comment_status":"closed","ping_status":"closed","template":"","meta":{"_lmt_disableupdate":"no","_lmt_disable":""},"_links":{"self":[{"href":"http:\/\/www.golden-heart-even.de\/cms\/wp-json\/wp\/v2\/pages\/2015"}],"collection":[{"href":"http:\/\/www.golden-heart-even.de\/cms\/wp-json\/wp\/v2\/pages"}],"about":[{"href":"http:\/\/www.golden-heart-even.de\/cms\/wp-json\/wp\/v2\/types\/page"}],"author":[{"embeddable":true,"href":"http:\/\/www.golden-heart-even.de\/cms\/wp-json\/wp\/v2\/users\/1"}],"replies":[{"embeddable":true,"href":"http:\/\/www.golden-heart-even.de\/cms\/wp-json\/wp\/v2\/comments?post=2015"}],"version-history":[{"count":17,"href":"http:\/\/www.golden-heart-even.de\/cms\/wp-json\/wp\/v2\/pages\/2015\/revisions"}],"predecessor-version":[{"id":2682,"href":"http:\/\/www.golden-heart-even.de\/cms\/wp-json\/wp\/v2\/pages\/2015\/revisions\/2682"}],"wp:attachment":[{"href":"http:\/\/www.golden-heart-even.de\/cms\/wp-json\/wp\/v2\/media?parent=2015"}],"curies":[{"name":"wp","href":"https:\/\/api.w.org\/{rel}","templated":true}]}}