{"id":2027,"date":"2019-07-01T17:57:58","date_gmt":"2019-07-01T15:57:58","guid":{"rendered":"http:\/\/www.golden-heart-even.de\/cms\/?page_id=2027"},"modified":"2020-03-03T15:20:15","modified_gmt":"2020-03-03T14:20:15","slug":"e-wurf-2","status":"publish","type":"page","link":"http:\/\/www.golden-heart-even.de\/cms\/e-wurf-2\/","title":{"rendered":"E &#8211; Wurf"},"content":{"rendered":"<div id='av_section_1'  class='avia-section av-cm3bi-fdd5deb7c420d3f4f6c770cc1babea79 main_color avia-section-default avia-no-border-styling  avia-builder-el-0  avia-builder-el-no-sibling  avia-bg-style-scroll container_wrap fullsize'  ><div class='container av-section-cont-open' ><main  role=\"main\" itemprop=\"mainContentOfPage\"  class='template-page content  av-content-full alpha units'><div class='post-entry post-entry-type-page post-entry-2027'><div class='entry-content-wrapper clearfix'>\n\n<style type=\"text\/css\" data-created_by=\"avia_inline_auto\" id=\"style-css-av-2duypn-ef427b85241c677ce2bb96929cc3e0ea\">\n#top .av-special-heading.av-2duypn-ef427b85241c677ce2bb96929cc3e0ea{\npadding-bottom:10px;\n}\nbody .av-special-heading.av-2duypn-ef427b85241c677ce2bb96929cc3e0ea .av-special-heading-tag .heading-char{\nfont-size:25px;\n}\n.av-special-heading.av-2duypn-ef427b85241c677ce2bb96929cc3e0ea .av-subheading{\nfont-size:20px;\n}\n<\/style>\n<div  class='av-special-heading av-2duypn-ef427b85241c677ce2bb96929cc3e0ea av-special-heading-h2 blockquote modern-quote modern-centered  avia-builder-el-1  el_before_av_one_full  avia-builder-el-first '><h2 class='av-special-heading-tag'  itemprop=\"headline\"  >E &#8211; Wurf <\/h2><div class='av-subheading av-subheading_below'><p>DOB 24. Juni 2019 &#8211; 3 R\u00fcden \/ 5 H\u00fcndinnen<\/p>\n<\/div><div class=\"special-heading-border\"><div class=\"special-heading-inner-border\"><\/div><\/div><\/div>\n\n<style type=\"text\/css\" data-created_by=\"avia_inline_auto\" id=\"style-css-av-dn672-a1d14e7cc4e9f2bc3005ad2cdfd3f482\">\n.flex_column.av-dn672-a1d14e7cc4e9f2bc3005ad2cdfd3f482{\n-webkit-border-radius:0px 0px 0px 0px;\n-moz-border-radius:0px 0px 0px 0px;\nborder-radius:0px 0px 0px 0px;\npadding:0px 0px 0px 0px;\n}\n<\/style>\n<div class='flex_column av-dn672-a1d14e7cc4e9f2bc3005ad2cdfd3f482 av_one_full  avia-builder-el-2  el_after_av_heading  el_before_av_hr  first flex_column_div av-zero-column-padding '     ><section  class='av_textblock_section av-jo74bjk9-258e01c0f479a196bfdcf6afdc210a4b'  itemscope=\"itemscope\" itemtype=\"https:\/\/schema.org\/CreativeWork\" ><div class='avia_textblock'  itemprop=\"text\" ><div id=\"attachment_2019\" style=\"width: 610px\" class=\"wp-caption aligncenter\"><img aria-describedby=\"caption-attachment-2019\" decoding=\"async\" loading=\"lazy\" class=\"imageborder wp-image-2019 size-full\" src=\"http:\/\/www.golden-heart-even.de\/cms\/wp-content\/uploads\/2019\/05\/collage1.jpg\" alt=\"\" width=\"600\" height=\"416\" srcset=\"http:\/\/www.golden-heart-even.de\/cms\/wp-content\/uploads\/2019\/05\/collage1.jpg 600w, http:\/\/www.golden-heart-even.de\/cms\/wp-content\/uploads\/2019\/05\/collage1-500x347.jpg 500w, http:\/\/www.golden-heart-even.de\/cms\/wp-content\/uploads\/2019\/05\/collage1-450x312.jpg 450w\" sizes=\"(max-width: 600px) 100vw, 600px\" \/><p id=\"caption-attachment-2019\" class=\"wp-caption-text\">Daily Rays Hero of Heart x Cesarka It&#8217;s Magic<\/p><\/div>\n<\/div><\/section><\/div>\n<style type=\"text\/css\" data-created_by=\"avia_inline_auto\" id=\"style-css-av-jn013j17-3ff2ffe3a38162627d74e9374e783f09\">\n#top .hr.hr-invisible.av-jn013j17-3ff2ffe3a38162627d74e9374e783f09{\nheight:50px;\n}\n<\/style>\n<div  class='hr av-jn013j17-3ff2ffe3a38162627d74e9374e783f09 hr-invisible  avia-builder-el-4  el_after_av_one_full  el_before_av_one_half '><span class='hr-inner '><span class=\"hr-inner-style\"><\/span><\/span><\/div>\n\n<style type=\"text\/css\" data-created_by=\"avia_inline_auto\" id=\"style-css-av-gq13f-8664f1746b29fdd2af6069d79310d806\">\n.flex_column.av-gq13f-8664f1746b29fdd2af6069d79310d806{\n-webkit-border-radius:0px 0px 0px 0px;\n-moz-border-radius:0px 0px 0px 0px;\nborder-radius:0px 0px 0px 0px;\npadding:0px 0px 0px 0px;\n}\n<\/style>\n<div class='flex_column av-gq13f-8664f1746b29fdd2af6069d79310d806 av_one_half  avia-builder-el-5  el_after_av_hr  el_before_av_one_half  first flex_column_div av-zero-column-padding '     ><section  class='av_textblock_section av-jn02hhb1-3915294a53ccf549214dea18cd988456'  itemscope=\"itemscope\" itemtype=\"https:\/\/schema.org\/CreativeWork\" ><div class='avia_textblock'  itemprop=\"text\" ><p><a href=\"http:\/\/www.k9data.com\/pedigree.asp?ID=984812\" target=\"_blank\" rel=\"noopener noreferrer\"><img decoding=\"async\" loading=\"lazy\" class=\"wp-image-320 size-full aligncenter\" src=\"http:\/\/www.golden-heart-even.de\/cms\/wp-content\/uploads\/2018\/11\/pedigree.png\" alt=\"\" width=\"200\" height=\"74\" \/><\/a><\/p>\n<\/div><\/section><\/div>\n<style type=\"text\/css\" data-created_by=\"avia_inline_auto\" id=\"style-css-av-90zbv-94e1fc08bfa1b0b83fa30755d862dd39\">\n.flex_column.av-90zbv-94e1fc08bfa1b0b83fa30755d862dd39{\n-webkit-border-radius:0px 0px 0px 0px;\n-moz-border-radius:0px 0px 0px 0px;\nborder-radius:0px 0px 0px 0px;\npadding:0px 0px 0px 0px;\n}\n<\/style>\n<div class='flex_column av-90zbv-94e1fc08bfa1b0b83fa30755d862dd39 av_one_half  avia-builder-el-7  el_after_av_one_half  el_before_av_one_full  flex_column_div av-zero-column-padding '     ><section  class='av_textblock_section av-jn02hhb1-3915294a53ccf549214dea18cd988456'  itemscope=\"itemscope\" itemtype=\"https:\/\/schema.org\/CreativeWork\" ><div class='avia_textblock'  itemprop=\"text\" ><p><a href=\"http:\/\/www.golden-heart-even.de\/cms\/e-wurf-fotos\/\" target=\"_blank\" rel=\"noopener noreferrer\"><img decoding=\"async\" loading=\"lazy\" class=\"size-full wp-image-393 aligncenter\" src=\"http:\/\/www.golden-heart-even.de\/cms\/wp-content\/uploads\/2018\/11\/fotos.png\" alt=\"\" width=\"200\" height=\"74\" \/><\/a><\/p>\n<\/div><\/section><\/div>\n<style type=\"text\/css\" data-created_by=\"avia_inline_auto\" id=\"style-css-av-899hi-99c2adf78e313484eeb0a9cbacac9697\">\n.flex_column.av-899hi-99c2adf78e313484eeb0a9cbacac9697{\n-webkit-border-radius:0px 0px 0px 0px;\n-moz-border-radius:0px 0px 0px 0px;\nborder-radius:0px 0px 0px 0px;\npadding:0px 0px 0px 0px;\n}\n<\/style>\n<div class='flex_column av-899hi-99c2adf78e313484eeb0a9cbacac9697 av_one_full  avia-builder-el-9  el_after_av_one_half  avia-builder-el-last  first flex_column_div av-zero-column-padding column-top-margin'     ><section  class='av_textblock_section av-jo75z1bo-e8a85b4d5fe3e65bcba0098aaa7744ce'  itemscope=\"itemscope\" itemtype=\"https:\/\/schema.org\/CreativeWork\" ><div class='avia_textblock'  itemprop=\"text\" ><h3>Tagebuch<\/h3>\n<p><strong>30.08.2019<\/strong><br \/>\nSo, wie immer kommen die letzten Worte von mir und an dieser Stelle schlie\u00dfe ich das Tagebuch unseres E-Wurfs.<\/p>\n<p>Es ist sehr still und leer im Haus, die kleinen Rosen sind ausgezogen und sind lang erwartet, endlich bei ihren neuen Besitzern angekommen. Alle haben ganz wunderbare Pl\u00e4tze gefunden.<br \/>\nAuch dieses Mal war es mir eine gro\u00dfe Freude diesen, doch f\u00fcr mich mit vielen Emotionen verbundenen Wurf aufzuziehen zu d\u00fcrfen. Ist es doch der letzte Wurf von meiner geliebten Hope.<br \/>\nHope, war wie nicht anders zu erwarten eine ganz wundervolle Mama, Fin &amp; Gracie tolle gro\u00dfe Geschwister und unsere kleine Eve, eine zauberhafte gro\u00dfe Schwester.<br \/>\nDie acht Wochen sind wie immer, wie im Flug vergangen und wir haben gemeinsamt viel erlebt. Raphael und ich haben, Amy, Luna, Bella, klein Hope, Lucy, Fino, Balou &amp; Carlo, kleine zarte Wurzeln gegeben und freuen uns, das wir sie die ersten 8 Wochen begleiten durften.<br \/>\nDanke m\u00f6chte ich nochmal Evelyn &amp; Anika f\u00fcr Ihr Vertrauen, Stella, Lena &amp; Marie f\u00fcr ihre Unterst\u00fctzung bei der Geburt und an Petra Tischner f\u00fcr die sch\u00f6nen Bilder sagen !!!!<\/p>\n<p>Ihr lieben, kleinen Rosen, ich w\u00fcnsche euch ALLEN ein ganz wunderbares Leben und bis ganz bald,<\/p>\n<p>Sabine mit Raphael, Hope, Gracie, Fin &amp; Eve<\/p>\n<p><strong>22.08.2019<\/strong><br \/>\nHallo,<br \/>\nalso hier war schon wieder jede Menge los &#8230;&#8230;.<br \/>\nAmy, Bella, Balou, Carlo, Fino, Lucy, Luna &amp; klein Hope, hatten Besuch.<br \/>\nZuerst war Frau Dr. Manz hier und hat alle geimpft, gechippt und am Sonntag war dann auch noch Wurfabnahme.<br \/>\nAlles ist in Ordnung mit den kleinen Rosen, das ist super !!!<br \/>\nJa und dann hatten sie ein Photoshooting mit Petra Tischner, tats\u00e4chlich sind doch Katja, Alessia, Amando, Andrea, Lea, Stella und Peter gekommen um zu helfen, das war vielleicht ein Spass.<br \/>\nNun, sind Lucy, Amy, Luna, Bella &amp; klein Hope schon ausgezogen und hier ist es schon sehr ruhig geworden &#8230;&#8230;..<br \/>\nFino, Carlo und Balou ziehen auch bald aus und wir m\u00f6chten die letzten gemeinsamen Tage noch richtig ausnutzen zum spielen und toben, wie Ihr auf dem Video sehen k\u00f6nnt.<br \/>\nViel Spa\u00df, Eve<br \/>\n<iframe loading=\"lazy\" src=\"https:\/\/www.youtube-nocookie.com\/embed\/WvuqTKxMJyE\" width=\"560\" height=\"315\" frameborder=\"0\" allowfullscreen=\"allowfullscreen\"><\/iframe><\/p>\n<p><strong>14.08.2019 &#8211; Gartenparty<br \/>\n<\/strong><\/p>\n<p><iframe loading=\"lazy\" src=\"https:\/\/www.youtube-nocookie.com\/embed\/UQecPZuWiOU\" width=\"560\" height=\"315\" frameborder=\"0\" allowfullscreen=\"allowfullscreen\"><\/iframe><br \/>\n<strong>13.08.2019<\/strong><br \/>\nSo, da bin ich wieder, wie jede Woche, Eve !!<br \/>\nAlso, heute sind wir alle zusammen ein bisserl traurig, Sabine hat uns gesagt, das unsere kleinen Rosen bald ausziehen werden. Ausgerechnet jetzt, wo es gerade so richtig lustig wird.<br \/>\nAber wir haben ja noch Zeit zusammen und die wollen wir richtig ausnutzen.<br \/>\nJetzt erz\u00e4hl ich euch mal, was letzte Woche so alles los war :<br \/>\nAlle 8 haben einen eigenen Napf bekommen, aber das verstehen sie noch nicht richtig und denken im anderen Napf ist mehr drin als im eigenen, echt lustig, das Durcheinander.<br \/>\nWenn Sabine mit der Pfeife pfeift, kommen alle wie der Blitz angerannt, aber ich verrate euch, das haben Sie von Gracie, Fin und mir abgeschaut, aber das sagen wir der Sabine nicht.<br \/>\nTja und der Spielgarten, ich kann euch sagen, die d\u00fcsen da herum, da halt selbst ich die Spucke an und das will was hei\u00dfen.<br \/>\nZusammen haben wir viel Spass, das k\u00f6nnt ihr auch auf dem Video sehen.<br \/>\nNat\u00fcrlich haben wir auch wieder viel Besuch bekommen und sogar Evi und Anika waren nochmal da, das war sehr sch\u00f6n.<br \/>\nGerade haben sie gegessen und schlafen jetzt. Raphael hat uns gerufen und wir gehen jetzt mit ihm laufen, das ist auch immer super toll !!!<br \/>\nBis n\u00e4chste Woche,<br \/>\nEve<\/p>\n<p><strong>05.08.2019<\/strong><br \/>\nNEIIIIIIN, ich hab euch nicht vergessen, aber ehrlich ich und meine gro\u00dfen Geschwister hatten wirklich viel zu tun.<br \/>\nAber nun erstmal von vorne, den kleinen Rosen geht es super gut und halten uns alle ganz sch\u00f6n auf Trab, denn in Ihrem Welpenzimmer sind sie jetzt gar nicht mehr, das freut mich nat\u00fcrlich sehr. Denn jetzt sind die Kleinen den ganzen Tag mit mir, Gracie, Fin und der Mama zusammen. Wisst Ihr, die sind schon ganz sch\u00f6n frech, alle turnen sie auf uns herum und h\u00fcpfen hoch, aber das macht schon richtig Spa\u00df jetzt.<br \/>\nTja und die Sabine hatte eine ganz tolle \u00dcberraschung, \u00fcber Nacht ist der Garten ein riesengro\u00dfer Spielplatz geworden.<br \/>\nIch habe schon gestaunt, tja und da mu\u00df ich doch jetzt aufpassen und den Kleinen alles zeigen und bisserl helfen.<br \/>\nJa und jeeeeeede Menge Besuch hatten wir, sogar Evelyn und Anika haben uns besucht, das war echt toll.<br \/>\nSabine hat auch wieder viele Bilder gemacht, so und jetzt gehen wir mit Raphael laufen und da will ich echt auch mit und dann sind ja die Babies schon wieder wach und wir gehen in den Garten, also Ihr seht, wir haben jede Menge Termine und Programm hier, also bis n\u00e4chste Woche,<br \/>\neure Eve<\/p>\n<p><strong>22.07.2019<\/strong><br \/>\nPuh &#8230;&#8230; ich kann euch sagen, ich bin bisserl im Stress, ich darf jetzt n\u00e4mlich bei den Babies mithelfen !!!!<br \/>\nAber ich erz\u00e4hl erstmal von vorne:<br \/>\nUnseren kleinen Rosen geht es super gut. Aber neulich hat die Sabine den Kleinen wieder so etwas rosarotes gegeben, Sie sagte, das muss sein, aber die Babies fanden das sogar gar nicht so schlimm. Na ja, ich musste ja nix probieren.<br \/>\nUND Z\u00e4hne haben Sie auch alle bekommen.<br \/>\nSabine hat die Wurfkiste aufgemacht und alle sind ganz schnell herausgekommen und haben das Welpenzimmer erkundet. Wisst Ihr was? Sabine hat ihnen ein paar von meinen Spielsachen gegeben, na ja wir haben ja auch genug und die Kleinen finden die kleinen L\u00f6wen, Quietschies und den gaaaaanz gro\u00dfen B\u00e4r super toll. Eigentlich bin ich ja auch schon zu gro\u00df daf\u00fcr.<br \/>\nAber das Beste ist, Gracie, Fin UND Ich d\u00fcrfen jetzt mithelfen. Das macht echt Spass und wir m\u00fcssen der Sabine schon ein bisschen helfen, denn es sind ja 8 Babies !!!<br \/>\nAh, ich h\u00f6r etwas, die Babies sind wach und ich muss jetzt ganz schnell schauen und gemeinsam mit Fin und Gracie aufpassen !!!<br \/>\nBis n\u00e4chste Woche,<br \/>\nEve<\/p>\n<p><strong>15.07.2019<\/strong><br \/>\nJuhu !!! Wisst Ihr was, Raphael hat uns endlich seine tollen Noppenb\u00e4lle geschenkt, das war jetzt ein St\u00fcck Arbeit. Au\u00dferdem ist auch er ab dieser Woche bei uns zu Hause.<br \/>\nAber Ihr wollt sicherlich wissen, wie es unseren Babies geht. Also, dass die Augen und Ohren offen sind hab ich euch ja schon erz\u00e4hlt. Sabine hat den Kleinen die Krallen geschnitten, also stellt euch das mal vor !!!<br \/>\nGracie hat es mir dann erkl\u00e4rt und sie wei\u00df das ja, dass das schon richtig ist. Denn wenn die Kleinen bei der Mama trinken, dann kratzen sie immer mit den Pfoten, wegen dem Milchfluss. Na gut.<br \/>\nJetzt sind Sie schon ganz sch\u00f6n lustig und laufen durch die Wurfkiste. Die ersten Spielsachen haben sie auch bekommen und das finden sie echt cool, ganz aufmerksam wird alles untersucht.<br \/>\nSo, ich hatte euch ja versprochen, dass ich euch die Namen verrate. Aber nix der Sabine sagen, denn wer welchen Namen bekommt wei\u00df Sie noch nicht.<br \/>\nEs sind wieder Rosennamen:<br \/>\n<strong>Die Buben<\/strong><br \/>\nEvening Star<br \/>\nEtoile de Feu<br \/>\nEven dans mon Coeur<br \/>\n<strong>Die M\u00e4dels<\/strong><br \/>\nEscapade<br \/>\nElegant Pearl<br \/>\nEspacially for You<br \/>\nEsprit D&#8217;Amour<br \/>\nEtoile de Coeur<br \/>\nSo, jetzt mach ich Schlu\u00df f\u00fcr heute, denn die Babies sind wach und ich darf ja schon mal ein bisschen in das Welpenzimmer und den Babies zuschauen, bis bald<br \/>\nEve<\/p>\n<p><strong>08.07.2019<\/strong><br \/>\nSo, da bin ich wieder, Eve und ich kann euch sagen, es ist ne ganze Menge passiert.<br \/>\nAlso, nat\u00fcrlich sind die kleinen Babies immer noch in der Wurfkiste und die Mama k\u00fcmmert sich ganz toll um sie und ich muss schon noch ein bisserl warten. Abends wiegen Sabine und Raphael die Babies, denn bei 8 muss man ja schon schauen, das alle genug zu trinken bekommen, so hat Raphael mir das erkl\u00e4rt.<br \/>\nTja, alle wiegen jetzt schon \u00fcber 1.100 gr !!<br \/>\nWisst ihr was, die Augen und Ohren der kleinen Rosen sind jetzt auch offen, das ist ja so sch\u00f6n. Am Anfang haben sie sich noch erschreckt, wenn einer gebellt hat und haben dann angefangen zu heulen. Fin ist dann ganz schnell gekommen um zu schauen, was da los ist. Aber wenn Sabine dann die Spieluhr aufzieht, werden die Babies wieder ganz ruhig.<br \/>\nABER !! die ersten sind schon aus der Wurfkiste raus gekrabbelt, also es dauert nicht mehr so lange, bis auch ich mithelfen kann.<br \/>\nSabine hat die Namen f\u00fcr die Babies ausgesucht, aber die verrate ich heute noch nicht und auch wieder viele neue Bilder gemacht, die k\u00f6nnt Ihr euch bei den Fotos anschauen, viel Spass und bis n\u00e4chste Woche,<br \/>\neure Eve<\/p>\n<p><strong>01.07.2019<\/strong><br \/>\nAlso, Hope, Gracie und Fin haben beschlossen, das ich die &#8222;kleine&#8220; Eve euch erz\u00e4hlen darf, wie es unseren kleinen Babies geht und was wir hier ALLE gemeinsam, die n\u00e4chsten Wochen erleben.<br \/>\nDann erstmal ganz von vorne, meine Mama Hope, ja auch f\u00fcr mich ist Hope &#8222;meine&#8220; Mama, hat in der Sonntagnacht Babies bekommen.<br \/>\nDas fing schon so komisch an, denn eigentlich schaut die Sabine immer am Sonntagabend Tatort und da muss auch ich brav sein, na ja einmal geht das schon. Aber das war heute anders, denn die liebe Stella kam zusammen mit ihren T\u00f6chtern Lena und Marie, ich durfte doch tats\u00e4chlich nur kurz Hallo sagen, denn dann holte uns Raphael zu sich nach oben. Das war schon alles ein bisschen komisch und Raphael hat Gracie, Fin und mir dann gesagt, dass die Mama ihre Babies jetzt bekommt.<br \/>\nTja, dann am Montagmorgen war die \u00dcberraschung da. Anstelle der 4 Babies von denen Sabine immer gesprochen hatte, lagen tats\u00e4chlich 8 kleine Madisons in der Wurfkiste und Hope hat jetzt f\u00fcr mich tats\u00e4chlich keine Zeit. Aber daf\u00fcr hab ich ja noch Fin und Gracie.<br \/>\nDie &#8222;kleinen Rosen&#8220; schlafen noch viel und haben auch immer Hunger, ehrlich das wenn ich machen w\u00fcrde &#8230;&#8230;. Ja und dann putzt die Mama die Kleinen und sie schlafen wieder.<br \/>\nAber nat\u00fcrlich hab ich schon mit Fin und Gracie gesprochen und wir haben schon gaaaaanz viele Ideen, was wir den Babies alles lernen und zeigen k\u00f6nnen.<br \/>\nIch freue mich zusammen mit Sabine, Raphael, Fin und Gracie auf alle F\u00e4lle auf die n\u00e4chsten Wochen.<\/p>\n<\/div><\/section><\/div>\n\n","protected":false},"excerpt":{"rendered":"","protected":false},"author":1,"featured_media":0,"parent":0,"menu_order":0,"comment_status":"closed","ping_status":"closed","template":"","meta":{"_lmt_disableupdate":"no","_lmt_disable":""},"_links":{"self":[{"href":"http:\/\/www.golden-heart-even.de\/cms\/wp-json\/wp\/v2\/pages\/2027"}],"collection":[{"href":"http:\/\/www.golden-heart-even.de\/cms\/wp-json\/wp\/v2\/pages"}],"about":[{"href":"http:\/\/www.golden-heart-even.de\/cms\/wp-json\/wp\/v2\/types\/page"}],"author":[{"embeddable":true,"href":"http:\/\/www.golden-heart-even.de\/cms\/wp-json\/wp\/v2\/users\/1"}],"replies":[{"embeddable":true,"href":"http:\/\/www.golden-heart-even.de\/cms\/wp-json\/wp\/v2\/comments?post=2027"}],"version-history":[{"count":15,"href":"http:\/\/www.golden-heart-even.de\/cms\/wp-json\/wp\/v2\/pages\/2027\/revisions"}],"predecessor-version":[{"id":2407,"href":"http:\/\/www.golden-heart-even.de\/cms\/wp-json\/wp\/v2\/pages\/2027\/revisions\/2407"}],"wp:attachment":[{"href":"http:\/\/www.golden-heart-even.de\/cms\/wp-json\/wp\/v2\/media?parent=2027"}],"curies":[{"name":"wp","href":"https:\/\/api.w.org\/{rel}","templated":true}]}}