{"id":2814,"date":"2023-04-19T15:39:56","date_gmt":"2023-04-19T13:39:56","guid":{"rendered":"http:\/\/www.golden-heart-even.de\/cms\/?page_id=2814"},"modified":"2023-09-04T17:41:24","modified_gmt":"2023-09-04T15:41:24","slug":"h-wurf","status":"publish","type":"page","link":"http:\/\/www.golden-heart-even.de\/cms\/h-wurf\/","title":{"rendered":"H &#8211; Wurf"},"content":{"rendered":"\n<style type=\"text\/css\" data-created_by=\"avia_inline_auto\" id=\"style-css-av-25rha-38bd95d0c884b6374fba6a9d020e5287\">\n.flex_column.av-25rha-38bd95d0c884b6374fba6a9d020e5287{\n-webkit-border-radius:0px 0px 0px 0px;\n-moz-border-radius:0px 0px 0px 0px;\nborder-radius:0px 0px 0px 0px;\npadding:0px 0px 0px 0px;\n}\n<\/style>\n<div class='flex_column av-25rha-38bd95d0c884b6374fba6a9d020e5287 av_one_full  avia-builder-el-0  el_before_av_hr  avia-builder-el-first  first flex_column_div av-zero-column-padding '     ><p>\n<style type=\"text\/css\" data-created_by=\"avia_inline_auto\" id=\"style-css-av-ke1209a3-77e5c41be3015190580ca22dd145772b\">\n#top .av-special-heading.av-ke1209a3-77e5c41be3015190580ca22dd145772b{\npadding-bottom:10px;\n}\nbody .av-special-heading.av-ke1209a3-77e5c41be3015190580ca22dd145772b .av-special-heading-tag .heading-char{\nfont-size:25px;\n}\n.av-special-heading.av-ke1209a3-77e5c41be3015190580ca22dd145772b .av-subheading{\nfont-size:20px;\n}\n<\/style>\n<div  class='av-special-heading av-ke1209a3-77e5c41be3015190580ca22dd145772b av-special-heading-h2 blockquote modern-quote modern-centered  avia-builder-el-1  el_before_av_image  avia-builder-el-first '><h2 class='av-special-heading-tag'  itemprop=\"headline\"  >H &#8211; Wurf<\/h2><div class='av-subheading av-subheading_below'><p>DOB 11.04.2023 &#8211; 3 R\u00fcden \/ 6 H\u00fcndinnen<\/p>\n<\/div><div class=\"special-heading-border\"><div class=\"special-heading-inner-border\"><\/div><\/div><\/div><br \/>\n\n<style type=\"text\/css\" data-created_by=\"avia_inline_auto\" id=\"style-css-av-afyti-9ff6c249da066b57f737ef5ec75ecb5b\">\n.avia-image-container.av-afyti-9ff6c249da066b57f737ef5ec75ecb5b img.avia_image{\nbox-shadow:none;\n}\n.avia-image-container.av-afyti-9ff6c249da066b57f737ef5ec75ecb5b .av-image-caption-overlay-center{\ncolor:#ffffff;\n}\n<\/style>\n<div  class='avia-image-container av-afyti-9ff6c249da066b57f737ef5ec75ecb5b av-styling- avia-align-center  avia-builder-el-2  el_after_av_heading  avia-builder-el-last '   itemprop=\"image\" itemscope=\"itemscope\" itemtype=\"https:\/\/schema.org\/ImageObject\" ><div class=\"avia-image-container-inner\"><div class=\"avia-image-overlay-wrap\"><img decoding=\"async\" class='wp-image-2816 avia-img-lazy-loading-not-2816 avia_image ' src=\"http:\/\/www.golden-heart-even.de\/cms\/wp-content\/uploads\/2023\/04\/g-wurf-01.jpg\" alt='' title='g-wurf-01'  height=\"1050\" width=\"700\"  itemprop=\"thumbnailUrl\" srcset=\"http:\/\/www.golden-heart-even.de\/cms\/wp-content\/uploads\/2023\/04\/g-wurf-01.jpg 700w, http:\/\/www.golden-heart-even.de\/cms\/wp-content\/uploads\/2023\/04\/g-wurf-01-333x500.jpg 333w, http:\/\/www.golden-heart-even.de\/cms\/wp-content\/uploads\/2023\/04\/g-wurf-01-687x1030.jpg 687w, http:\/\/www.golden-heart-even.de\/cms\/wp-content\/uploads\/2023\/04\/g-wurf-01-470x705.jpg 470w\" sizes=\"(max-width: 700px) 100vw, 700px\" \/><\/div><\/div><\/div><\/p><\/div>\n\n<style type=\"text\/css\" data-created_by=\"avia_inline_auto\" id=\"style-css-av-jn013j17-1bd0278c002d432db903c3894a9c64f1\">\n#top .hr.hr-invisible.av-jn013j17-1bd0278c002d432db903c3894a9c64f1{\nheight:20px;\n}\n<\/style>\n<div  class='hr av-jn013j17-1bd0278c002d432db903c3894a9c64f1 hr-invisible  avia-builder-el-3  el_after_av_one_full  el_before_av_one_half '><span class='hr-inner '><span class=\"hr-inner-style\"><\/span><\/span><\/div>\n\n<style type=\"text\/css\" data-created_by=\"avia_inline_auto\" id=\"style-css-av-1xbbsv-a9ce81800b4c70b5be1c38c7de41741b\">\n.flex_column.av-1xbbsv-a9ce81800b4c70b5be1c38c7de41741b{\n-webkit-border-radius:0px 0px 0px 0px;\n-moz-border-radius:0px 0px 0px 0px;\nborder-radius:0px 0px 0px 0px;\npadding:0px 0px 0px 0px;\n}\n<\/style>\n<div class='flex_column av-1xbbsv-a9ce81800b4c70b5be1c38c7de41741b av_one_half  avia-builder-el-4  el_after_av_hr  el_before_av_one_half  first flex_column_div av-zero-column-padding '     ><section  class='av_textblock_section av-jn02hhb1-7f37ee391f315b74312c6bd9ecf3c136'  itemscope=\"itemscope\" itemtype=\"https:\/\/schema.org\/CreativeWork\" ><div class='avia_textblock'  itemprop=\"text\" ><p><a href=\"https:\/\/www.k9data.com\/pedigree.asp?ID=1317547\" target=\"_blank\" rel=\"noopener\"><img decoding=\"async\" loading=\"lazy\" class=\"aligncenter wp-image-320 size-full\" src=\"http:\/\/www.golden-heart-even.de\/cms\/wp-content\/uploads\/2018\/11\/pedigree.png\" alt=\"\" width=\"200\" height=\"74\" \/><\/a><\/p>\n<\/div><\/section><\/div>\n<style type=\"text\/css\" data-created_by=\"avia_inline_auto\" id=\"style-css-av-90zbv-94e1fc08bfa1b0b83fa30755d862dd39\">\n.flex_column.av-90zbv-94e1fc08bfa1b0b83fa30755d862dd39{\n-webkit-border-radius:0px 0px 0px 0px;\n-moz-border-radius:0px 0px 0px 0px;\nborder-radius:0px 0px 0px 0px;\npadding:0px 0px 0px 0px;\n}\n<\/style>\n<div class='flex_column av-90zbv-94e1fc08bfa1b0b83fa30755d862dd39 av_one_half  avia-builder-el-6  el_after_av_one_half  el_before_av_textblock  flex_column_div av-zero-column-padding '     ><section  class='av_textblock_section av-jn02hhb1-1-1f786acef5df4de73cc0ce6ab5c3ac58'  itemscope=\"itemscope\" itemtype=\"https:\/\/schema.org\/CreativeWork\" ><div class='avia_textblock'  itemprop=\"text\" ><p><a href=\"http:\/\/www.golden-heart-even.de\/cms\/h-wurf-fotos\/\" target=\"_blank\" rel=\"noopener\"><img decoding=\"async\" loading=\"lazy\" class=\"aligncenter wp-image-393 size-full\" src=\"http:\/\/www.golden-heart-even.de\/cms\/wp-content\/uploads\/2018\/11\/fotos.png\" alt=\"\" width=\"200\" height=\"74\" \/><\/a><\/p>\n<\/div><\/section><\/div><\/p>\n<section  class='av_textblock_section av-lgnqkieb-3fa4f6e594e3be0d7ecfc02e14885aec'  itemscope=\"itemscope\" itemtype=\"https:\/\/schema.org\/CreativeWork\" ><div class='avia_textblock'  itemprop=\"text\" ><h3 style=\"text-align: center;\">Gl\u00fcck ist das einzige, das sich verdoppelt, wenn man es teilt.\u201c (Albert Schweitzer)<\/h3>\n<p><strong>11. April 2023<\/strong><br \/>\nLangersehnt sind heute Nacht die Babies von Eve &amp; Caruso auf die Welt gekommen. Nun freuen wir uns auf die n\u00e4chsten Wochen gemeinsamt mit 6 H\u00fcndinnen und 3 R\u00fcden. Nat\u00fcrlich gibt es wie immer auch das schon obligatorische Tagebuch in den n\u00e4chsten Wochen. Wir haben uns dieses Mal entschieden, das unser kleines Nesth\u00e4kchen &#8222;Holy&#8220; berichten darf&#8230;&#8230; Aber erst wartet sie noch den ersten Besuch als stolze &#8222;gro\u00dfe Tante&#8220; bei den Babies ab.<\/p>\n<p><strong>August 2023<\/strong><br \/>\nEigentlich sollte hier das bereits obligatorische Tagebuch stehen, aber manchmal kommt es doch anders als man denkt &#8230;..<br \/>\nSo schreibe ich dennoch r\u00fcckblickend auf einen ganz wunderbaren Wurf ein paar Zeilen :<\/p>\n<p>Aaron, Abby, Bobby, Kauni, Lotta, Luna, Nahla, Niah, &amp; Toffee sind ausgezogen, alle haben ganz wunderbare Familien gefunden, wachsen und haben nat\u00fcrlich noch jede Menge lustige Ideen auf Lager.<br \/>\nKurz nach der Geburt der Kleinen, hat Eve eine Mastitis bekommen unterm Strich haben wir es rechtzeitig bemerkt nichts desto trotz hiess es dann, dadurch das eine Zitze gefehlt hat. Die Babies bekommen die Flasche &#8230;.<br \/>\nEine Challenge, aber wir haben das ganz wunderbar hinbekommen, auch wenn ich nicht mehr wusste welcher Tag ist und mich vor M\u00fcdigkeit kaum auf den Beinen halten konnte, war es doch ganz besonders, eine sehr innige, intensive Zeit.<br \/>\nJa und da waren ja auch noch die Gro\u00dfen und auch Eve musste versorgt werden. Aber wie sagt man: Man w\u00e4chst mit seinen Aufgaben !!!<br \/>\nHoly hat die kleine Bande unglaublich genossen und ganz wunderbar mit Ihnen gespielt und nat\u00fcrlich auch jeden Unfug sehr gerne mitgemacht. Auch Fin &amp; Gracie waren immer zur Stelle und nat\u00fcrlich unsere wunderbare Hope mit ihrer unglaublichen Gelassenheit, einfach immer ein Ruhepol f\u00fcr die Kleinen und last but not least Eve, eine tolle Mama.<\/p>\n<p>Leider wurde Hope zu dieser Zeit auch noch sehr krank, so war dann dieses Mal einfach die Zeit f\u00fcr ein Tagebuch nicht gegeben. Aber beim n\u00e4chsten Wurf klappt es bestimmt wieder. Aber daf\u00fcr gibt es jede Menge wundersch\u00f6ner Bilder !!<\/p>\n<\/div><\/section>\n","protected":false},"excerpt":{"rendered":"","protected":false},"author":1,"featured_media":0,"parent":0,"menu_order":0,"comment_status":"closed","ping_status":"closed","template":"","meta":{"_lmt_disableupdate":"no","_lmt_disable":""},"_links":{"self":[{"href":"http:\/\/www.golden-heart-even.de\/cms\/wp-json\/wp\/v2\/pages\/2814"}],"collection":[{"href":"http:\/\/www.golden-heart-even.de\/cms\/wp-json\/wp\/v2\/pages"}],"about":[{"href":"http:\/\/www.golden-heart-even.de\/cms\/wp-json\/wp\/v2\/types\/page"}],"author":[{"embeddable":true,"href":"http:\/\/www.golden-heart-even.de\/cms\/wp-json\/wp\/v2\/users\/1"}],"replies":[{"embeddable":true,"href":"http:\/\/www.golden-heart-even.de\/cms\/wp-json\/wp\/v2\/comments?post=2814"}],"version-history":[{"count":6,"href":"http:\/\/www.golden-heart-even.de\/cms\/wp-json\/wp\/v2\/pages\/2814\/revisions"}],"predecessor-version":[{"id":3057,"href":"http:\/\/www.golden-heart-even.de\/cms\/wp-json\/wp\/v2\/pages\/2814\/revisions\/3057"}],"wp:attachment":[{"href":"http:\/\/www.golden-heart-even.de\/cms\/wp-json\/wp\/v2\/media?parent=2814"}],"curies":[{"name":"wp","href":"https:\/\/api.w.org\/{rel}","templated":true}]}}