{"id":331,"date":"2018-11-07T13:49:11","date_gmt":"2018-11-07T12:49:11","guid":{"rendered":"http:\/\/www.golden-heart-even.de\/cms\/?page_id=331"},"modified":"2018-11-15T10:34:22","modified_gmt":"2018-11-15T09:34:22","slug":"a-wurf","status":"publish","type":"page","link":"http:\/\/www.golden-heart-even.de\/cms\/a-wurf\/","title":{"rendered":"A &#8211; Wurf"},"content":{"rendered":"<div id='av_section_1'  class='avia-section av-cm3bi-fdd5deb7c420d3f4f6c770cc1babea79 main_color avia-section-default avia-no-border-styling  avia-builder-el-0  avia-builder-el-no-sibling  avia-bg-style-scroll container_wrap fullsize'  ><div class='container av-section-cont-open' ><main  role=\"main\" itemprop=\"mainContentOfPage\"  class='template-page content  av-content-full alpha units'><div class='post-entry post-entry-type-page post-entry-331'><div class='entry-content-wrapper clearfix'>\n\n<style type=\"text\/css\" data-created_by=\"avia_inline_auto\" id=\"style-css-av-25rha-38bd95d0c884b6374fba6a9d020e5287\">\n.flex_column.av-25rha-38bd95d0c884b6374fba6a9d020e5287{\n-webkit-border-radius:0px 0px 0px 0px;\n-moz-border-radius:0px 0px 0px 0px;\nborder-radius:0px 0px 0px 0px;\npadding:0px 0px 0px 0px;\n}\n<\/style>\n<div class='flex_column av-25rha-38bd95d0c884b6374fba6a9d020e5287 av_one_full  avia-builder-el-1  el_before_av_one_full  avia-builder-el-first  first flex_column_div av-zero-column-padding '     ><style type=\"text\/css\" data-created_by=\"avia_inline_auto\" id=\"style-css-av-joieaw0e-afb468caf628d2d0310a7f3f5d5c0a54\">\n#top .av-special-heading.av-joieaw0e-afb468caf628d2d0310a7f3f5d5c0a54{\npadding-bottom:10px;\n}\nbody .av-special-heading.av-joieaw0e-afb468caf628d2d0310a7f3f5d5c0a54 .av-special-heading-tag .heading-char{\nfont-size:25px;\n}\n.av-special-heading.av-joieaw0e-afb468caf628d2d0310a7f3f5d5c0a54 .av-subheading{\nfont-size:20px;\n}\n<\/style>\n<div  class='av-special-heading av-joieaw0e-afb468caf628d2d0310a7f3f5d5c0a54 av-special-heading-h2 blockquote modern-quote modern-centered  avia-builder-el-2  avia-builder-el-no-sibling '><h2 class='av-special-heading-tag'  itemprop=\"headline\"  >A &#8211; Wurf <\/h2><div class='av-subheading av-subheading_below'><p>* 26. Juli 2015 &#8211; 2 R\u00fcden \/ 2 H\u00fcndinnen<\/p>\n<\/div><div class=\"special-heading-border\"><div class=\"special-heading-inner-border\"><\/div><\/div><\/div><\/div>\n<style type=\"text\/css\" data-created_by=\"avia_inline_auto\" id=\"style-css-av-dn672-a1d14e7cc4e9f2bc3005ad2cdfd3f482\">\n.flex_column.av-dn672-a1d14e7cc4e9f2bc3005ad2cdfd3f482{\n-webkit-border-radius:0px 0px 0px 0px;\n-moz-border-radius:0px 0px 0px 0px;\nborder-radius:0px 0px 0px 0px;\npadding:0px 0px 0px 0px;\n}\n<\/style>\n<div class='flex_column av-dn672-a1d14e7cc4e9f2bc3005ad2cdfd3f482 av_one_full  avia-builder-el-3  el_after_av_one_full  el_before_av_hr  first flex_column_div av-zero-column-padding column-top-margin'     ><p>\n<style type=\"text\/css\" data-created_by=\"avia_inline_auto\" id=\"style-css-av-joa4cdyp-eb367490e413bd1c32428ccf206a4838\">\n.avia-image-container.av-joa4cdyp-eb367490e413bd1c32428ccf206a4838 img.avia_image{\nbox-shadow:none;\n}\n.avia-image-container.av-joa4cdyp-eb367490e413bd1c32428ccf206a4838 .av-image-caption-overlay-center{\ncolor:#ffffff;\n}\n<\/style>\n<div  class='avia-image-container av-joa4cdyp-eb367490e413bd1c32428ccf206a4838 av-styling- avia-align-center  avia-builder-el-4  el_before_av_textblock  avia-builder-el-first '   itemprop=\"image\" itemscope=\"itemscope\" itemtype=\"https:\/\/schema.org\/ImageObject\" ><div class=\"avia-image-container-inner\"><div class=\"avia-image-overlay-wrap\"><img decoding=\"async\" class='wp-image-333 avia-img-lazy-loading-not-333 avia_image ' src=\"http:\/\/www.golden-heart-even.de\/cms\/wp-content\/uploads\/2018\/11\/a-wurf.jpg\" alt='' title='a-wurf'  height=\"408\" width=\"600\"  itemprop=\"thumbnailUrl\" srcset=\"http:\/\/www.golden-heart-even.de\/cms\/wp-content\/uploads\/2018\/11\/a-wurf.jpg 600w, http:\/\/www.golden-heart-even.de\/cms\/wp-content\/uploads\/2018\/11\/a-wurf-500x340.jpg 500w, http:\/\/www.golden-heart-even.de\/cms\/wp-content\/uploads\/2018\/11\/a-wurf-450x306.jpg 450w\" sizes=\"(max-width: 600px) 100vw, 600px\" \/><\/div><\/div><\/div><br \/>\n<section  class='av_textblock_section av-joa4cxh4-e39609df96812bf0ea2a5b395e4e4dd1'  itemscope=\"itemscope\" itemtype=\"https:\/\/schema.org\/CreativeWork\" ><div class='avia_textblock'  itemprop=\"text\" ><p style=\"text-align: center;\">C.I.E. Multi Champion Windwhirl Early Heart Even x Cesarka It&#8217;s Magic<\/p>\n<\/div><\/section><\/p><\/div>\n<style type=\"text\/css\" data-created_by=\"avia_inline_auto\" id=\"style-css-av-jn013j17-3ff2ffe3a38162627d74e9374e783f09\">\n#top .hr.hr-invisible.av-jn013j17-3ff2ffe3a38162627d74e9374e783f09{\nheight:50px;\n}\n<\/style>\n<div  class='hr av-jn013j17-3ff2ffe3a38162627d74e9374e783f09 hr-invisible  avia-builder-el-6  el_after_av_one_full  el_before_av_one_half '><span class='hr-inner '><span class=\"hr-inner-style\"><\/span><\/span><\/div>\n\n<style type=\"text\/css\" data-created_by=\"avia_inline_auto\" id=\"style-css-av-gq13f-8664f1746b29fdd2af6069d79310d806\">\n.flex_column.av-gq13f-8664f1746b29fdd2af6069d79310d806{\n-webkit-border-radius:0px 0px 0px 0px;\n-moz-border-radius:0px 0px 0px 0px;\nborder-radius:0px 0px 0px 0px;\npadding:0px 0px 0px 0px;\n}\n<\/style>\n<div class='flex_column av-gq13f-8664f1746b29fdd2af6069d79310d806 av_one_half  avia-builder-el-7  el_after_av_hr  el_before_av_one_half  first flex_column_div av-zero-column-padding '     ><section  class='av_textblock_section av-jn02hhb1-3915294a53ccf549214dea18cd988456'  itemscope=\"itemscope\" itemtype=\"https:\/\/schema.org\/CreativeWork\" ><div class='avia_textblock'  itemprop=\"text\" ><p><a href=\"http:\/\/www.k9data.com\/pedigree.asp?ID=670799\" target=\"_blank\" rel=\"noopener\"><img decoding=\"async\" loading=\"lazy\" class=\"wp-image-320 size-full aligncenter\" src=\"http:\/\/www.golden-heart-even.de\/cms\/wp-content\/uploads\/2018\/11\/pedigree.png\" alt=\"\" width=\"200\" height=\"74\" \/><\/a><\/p>\n<\/div><\/section><\/div>\n<style type=\"text\/css\" data-created_by=\"avia_inline_auto\" id=\"style-css-av-90zbv-94e1fc08bfa1b0b83fa30755d862dd39\">\n.flex_column.av-90zbv-94e1fc08bfa1b0b83fa30755d862dd39{\n-webkit-border-radius:0px 0px 0px 0px;\n-moz-border-radius:0px 0px 0px 0px;\nborder-radius:0px 0px 0px 0px;\npadding:0px 0px 0px 0px;\n}\n<\/style>\n<div class='flex_column av-90zbv-94e1fc08bfa1b0b83fa30755d862dd39 av_one_half  avia-builder-el-9  el_after_av_one_half  el_before_av_one_full  flex_column_div av-zero-column-padding '     ><section  class='av_textblock_section av-jn02hhb1-3915294a53ccf549214dea18cd988456'  itemscope=\"itemscope\" itemtype=\"https:\/\/schema.org\/CreativeWork\" ><div class='avia_textblock'  itemprop=\"text\" ><p><a href=\"http:\/\/www.golden-heart-even.de\/cms\/a-wurf-fotos\/\" target=\"_blank\" rel=\"noopener\"><img decoding=\"async\" loading=\"lazy\" class=\"size-full wp-image-393 aligncenter\" src=\"http:\/\/www.golden-heart-even.de\/cms\/wp-content\/uploads\/2018\/11\/fotos.png\" alt=\"\" width=\"200\" height=\"74\" \/><\/a><\/p>\n<\/div><\/section><\/div>\n<style type=\"text\/css\" data-created_by=\"avia_inline_auto\" id=\"style-css-av-899hi-99c2adf78e313484eeb0a9cbacac9697\">\n.flex_column.av-899hi-99c2adf78e313484eeb0a9cbacac9697{\n-webkit-border-radius:0px 0px 0px 0px;\n-moz-border-radius:0px 0px 0px 0px;\nborder-radius:0px 0px 0px 0px;\npadding:0px 0px 0px 0px;\n}\n<\/style>\n<div class='flex_column av-899hi-99c2adf78e313484eeb0a9cbacac9697 av_one_full  avia-builder-el-11  el_after_av_one_half  avia-builder-el-last  first flex_column_div av-zero-column-padding column-top-margin'     ><section  class='av_textblock_section av-jo75z1bo-e8a85b4d5fe3e65bcba0098aaa7744ce'  itemscope=\"itemscope\" itemtype=\"https:\/\/schema.org\/CreativeWork\" ><div class='avia_textblock'  itemprop=\"text\" ><h3>Tagebuch<\/h3>\n<p>23.09.2015<\/p>\n<p>Hier bin ich Gracie, heute zum letzten Mal &#8230;&#8230;.<br \/>\nAber ich erz\u00e4hl Euch erst einmal was letzte Woche hier so los war, also Hazel, Rose, Logan und Finn sind geimpft und gechipt worden, also ich glaub das Chipen, ich hab n\u00e4mlich die dicke Nadel gesehen, war nicht so toll, aber das war gleich vergessen, denn ich hab dann gleich mit den Vieren gespielt.<br \/>\nDann hatte Sabine auch Wurfabnahme und auch da war alles super gut !!! Ja, nat\u00fcrlich sind sie noch ein letztes Mal entwurmt worden, die Krallen sind geschnitten und die Pfoten und Ohren hat Sabine auch ein bisserl getrimmt. Wie Ihr seht war auch diese Woche ganz sch\u00f6n viel los, wir haben ganz viel gespielt und Rose, Logan, Finn und Hazel haben auch ihre erste Fasanenschwinge bekommen und auch die haben ALLE wunderbar getragen und apportiert.<br \/>\nSo und ab Montag sind sie ausgezogen unsere Rosen, zuerst Hazel, dann Logan und zuletzt die Rose.<br \/>\nRaphael, Sabine, Harald, die Mama, ich und der Papa waren schon ganz sch\u00f6n traurig und nat\u00fcrlich sind auch ein paar Tr\u00e4nen geflossen, aber alle haben wunderbare Familien gefunden und ich weiss, dass Sie uns sicher besuchen kommen und wir haben ja auch einiges zusammen vor.<\/p>\n<p>MACHTS GUT IHR KLEINEN ROSEN, ES WAR EINE WUNDERSCH\u00d6NE ZEIT MIT EUCH<br \/>\nHope, Even, Gracie, Sabine, Raphael, Yannick und Harald<\/p>\n<p>14.09.2015<\/p>\n<p>Fun, Fun, Fun &#8230;&#8230;.. Gerade hab ich eine kleine Pause und wie immer m\u00f6chte ich Euch ja auf dem Laufenden halten, was unsere 4 Sundayroses so alles treiben \ud83d\ude09 Ich hab ja schon vermutet, dass die Sabine noch einiges auf Lager zum Spielen f\u00fcr die Kleinen hat, aber stellt Euch vor die haben doch tats\u00e4chlich eine ganze Spielburg aus Holz bekommen, mit Rampe, H\u00f6hle, Br\u00fccke und Rollenband, echt cool und die flitzen und toben da rauf und runter wie die R\u00e4uber, Angst haben die ja echt gar keine \ud83d\ude42<br \/>\nWir spielen alle zusammen gaaaaaanz viel, das macht echt Spass \ud83d\ude42 und ich hab meinen Geschwister schon gezeigt, dass Moos rausrupfen ganz toll ist, jetzt machen wir das ALLE &#8230;&#8230;.. Jeder hat nun seinen eigenen Napf bekommen, nat\u00fcrlich in rose und hellblau, aber wisst Ihr, das verwechseln sie schon noch manchmal, aber ich glaube, das ist ihnen wurscht, hauptsache im Napf ist immer leckeres Futter.<br \/>\nJa und jede Menge Besuch war hier UND meine Schwester Luna hat uns besucht mit ihrem Frauchen Reni, ich kann Euch sagen, wir hatten vielleicht Spass zusammen.<br \/>\nGewogen haben wir nat\u00fcrlich auch und jetzt wiegen unsere Rosen:<br \/>\nMrs. Rose 5.500 gr<br \/>\nMrs. Red 5.800 gr<br \/>\nMr. Blue 6.500 gr<br \/>\nund wie immer unser Mr. Lightblue 7.500 gr, der ist echt mega cool.<br \/>\nSabine hat den Kleinen nun auch ihre Namen gegeben, die k\u00f6nnt Ihr ja oben bei den Galerien auch lesen.<br \/>\nSo, das wars nun erstmal und nun kommt unsere letzte Woche mit den Kleinen Rosen, ich glaube wir alle werden hier schon sehr traurig sein, wenn Sie ausziehen, aber ich verrate Euch, ich glaube Sie werden uns schon besuchen kommen, also bis n\u00e4chste Woche Eure Gracie \u2665<\/p>\n<p>07.09.2015<\/p>\n<p>Halli, Hallo, hier bin ich Gracie, gerade mache ich eine kleine Pause, da meine 4 Geschwister schlafen und so hab ich Zeit von unserer vergangenen Woche zu berichten, also wir haben jede Menge Spass zusamen.<br \/>\nMit meinen zwei Schwestern und zwei Br\u00fcdern kann man jetzt so richtig spielen, das ist wirklich suuuuuuuper toll und ich kann Euch sagen, Ideen haben die 4 &#8211; echt unglaublich. Wir sind ganz viel im Garten und haben jede Menge Spass, aber am besten gef\u00e4llt uns das B\u00e4llebad und die gr\u00fcne Rampe, ja und die rote Schaukel eigentlich auch, also einfach ALLES.<br \/>\nIch hab gesehen da sind noch jede Menge P\u00e4ckchen gekommen, ich glaube die Sabine hat schon noch die ein oder andere \u00dcberraschung auf Lager, ja und Auto sind wir auch schon gefahren &#8211; alle SIEBEN.<br \/>\nNeben Krallen schneiden &#8211; da kriegen die Kleinen doch tats\u00e4chlich Fruchtzwerge und Entwurmen, haben wir schon ganz viel Besuch gehabt, aber das machen Sie echt super, ich meine, sie haben ja auch MICH, die Mami und den Papa.<br \/>\nGewogen haben wir Sie nat\u00fcrlich auch:<br \/>\nMrs. Rose 4500 gr<br \/>\nMrs. Red 4700 gr<br \/>\nMr. Blue 5000 gr<br \/>\nMr. Lightblue 6100 gr &#8211; klaro, gell&#8230;<br \/>\nJetzt sind meine Geschwister aufgewacht und ich muss mal schnell schauen gehen, also bis n\u00e4chste Woche Eure Gracie.<\/p>\n<p>31.08.2015<\/p>\n<p>Die Zeit fliegt &#8230;&#8230;<br \/>\nAlso, ich kann Euch sagen, hier ist vielleicht was los \ud83d\ude42 Meine zwei Br\u00fcder und zwei Schwestern sind ganz sch\u00f6n lustig, alles finden Sie &#8211; sogar meinen orangen Tennisball, den hab ich schon sooooo lange gesucht \ud83d\ude42 Au\u00dferdem macht es ganz viel Spass mit den Vieren, vor nix haben sie Angst und man kann mit ihnen jetzt schon richtig spielen und schmusen. Wenn es drau\u00dfen nicht zu hei\u00df ist, sind wir viel im Garten, da hat Sabine ganz tolle Sachen f\u00fcr sie aufgebaut, aber am liebsten m\u00f6gen Sie die gr\u00fcne Rampe zum rauf und runter toben und die rote Schaukel, echt lustig.<br \/>\nWir wissen jetzt auch, dass unsere Funkhaust\u00fcrklingel 40 verschiedene Melodien hat, echt cool, wie Sie die Klingel immer frisch einstellen und wir dann schauen m\u00fcssen, ob jetzt jemand an der T\u00fcr ist oder ob es meine Geschwister waren \ud83d\ude42 Den ersten Besuch hatten wir zwischenzeitlich auch schon, das machen die Kleinen auch mit links, alle werden freudig begr\u00fc\u00dft &#8211; nat\u00fcrlich auch von mir!<br \/>\nDer Hammer ist ja, dass Sie sogar auf dem Platz vom Papa jetzt liegen d\u00fcrfen, der mag sie n\u00e4mlich auch ganz arg !!!!.<br \/>\nSonst wurden nat\u00fcrlich die Krallen wieder geschnitten und gewogen haben wir sie auch, und sie wiegen :<br \/>\nMrs. Rose 3.600 gr<br \/>\nMrs. Red 3.700 gr<br \/>\nMr. Blue 3.820 gr<br \/>\nand the winer is :<br \/>\nMr. Lightblue 4.700 gr !!!<br \/>\nSo, jetzt muss ich aber aufh\u00f6ren, weil meine Geschwister sind aufgewacht und wir wollen doch spielen \ud83d\ude42 bis n\u00e4chsten Montag, Gracie.<\/p>\n<p>24.08.2015<\/p>\n<p>Hier bin ich wieder, Gracie.<br \/>\nSeht Ihr, ich und meine kleine Schwester Mrs. Rosa haben es schon wieder auf die Startseite geschafft, ich kann Euch sagen meine Geschwister sind ganz sch\u00f6n lustig und ENDLICH kann ich mit Ihnen so richtig spielen, das macht echt Spass \u2665<br \/>\nTja, auch in der letzten Woche war wieder einiges geboten, Krallen schneiden, Wurmkur, der erste Brei mit Ziegenmilch, den ich nat\u00fcrlich auch probieren durfte, aber das ist echt nix mehr f\u00fcr mich \ud83d\ude09 Frau Dr. Stahl war auch hier und war sehr, sehr zufrieden mit uns ALLEN !!!<br \/>\nJa und unser Garten ist jetzt ein riesen Spielplatz, echt cool und die Kleinen d\u00fcrfen jetzt mit uns in den Garten und finden das echt prima, ich kann Euch sagen, die haben keine Angst vor nix. Sicherlich wird das noch ganz sch\u00f6n lustig \ud83d\ude42 Jetzt h\u00e4tt&#8216; ich es fast vergessen, zugenommen haben unsere Sundayroses nat\u00fcrlich auch, jetzt wiegen<br \/>\nMrs. Rosa 2710 gr<br \/>\nMrs. Red 2900 gr<br \/>\nMr. Blue 3040 gr<br \/>\nMr. Lightblue 3500 gr &#8211; war ja klar.<br \/>\nSo, jetzt bin ich mal gespannt was diese Woche so alles passiert, aber eins ist ziemlich sicher: Langweilig wird es nicht, bis n\u00e4chste Woche Eure Gracie.<\/p>\n<p>17.08.2015<\/p>\n<p>Naaaaaaaaaa, habt Ihr mich erkannt ???<br \/>\nAuf der Startseite, das bin n\u00e4mlich ich, Grace und meine kleine Schwester Mrs. Rosa.<br \/>\nAlso, ganz ehrlich, meine Geschwister die sind echt lieb und ich darf jetzt auch schon ins Welpenzimmer \ud83d\ude42 Sabine hat n\u00e4mlich die Wurfkiste aufgemacht und jetzt haben alle ganz viel Platz &#8211; und soll ich Euch noch was verraten, die haben schon ganz viele Spielsachen bekommen, echt cool &#8211; aber f\u00fcr mich ist das nat\u00fcrlich nix mehr.<br \/>\nJetzt geht das Laufen schon super gut und meine zwei Br\u00fcder und zwei Schwestern sind im ganzen Zimmer unterwegs. So langsam fangen Sie an miteinander zu spielen und manchmal wird schon mal gebellt und wenn Sie sich verlaufen haben, dann weinen sie, weil Sie ja die anderen suchen, aber dann kommt die Mama ganz schnell und schaut was los ist, ja genau die Kleinen trinken immer noch bei der Mami, weil die hat noch suuuper viel Milch, deshalb wiegen :<br \/>\nMrs. Rosa 2.050 gr<br \/>\nMrs. Red 2.130 gr<br \/>\nMr. Blue 2.150 gr<br \/>\nMr. Lightblue 2.600 gr &#8211; der Hammer !!<br \/>\nNat\u00fcrlich wurden auch wieder alle Krallen geschnitten UND die Z\u00e4hnchen sind auch schon da \ud83d\ude42 So, das war es jetzt f\u00fcr heute und nat\u00fcrlich gibt es wieder jede Menge Bilder, ich freu mich auf Euch bis n\u00e4chste Woche Eure Gracie.<\/p>\n<p>10.08.2015<\/p>\n<p>Puh, ich kann Euch sagen, so langsam kommt richtig Leben in die Wurfkiste \ud83d\ude42<br \/>\nMeine kleinen Geschwister haben jetzt die Augen auf und sind schon ganz sch\u00f6n flott in Ihrer Wurfkiste unterwegs, aber die Mama ist schon noch ganz viel bei den Kleinen, denn wenn sie getrunken haben muss die Mama sie ja auch sauber machen, das macht Sie echt toll, ich schau n\u00e4mlich immer zu und pass ganz genau auf \ud83d\ude09<br \/>\nAu\u00dferdem bellen sie schon manchmal und wisst ihr was, dann erschrecken die anderen schon mal, Sabine sagt, dass sie jetzt anfangen zu h\u00f6ren. Auch beginnen sie miteinander zu spielen, ehrlich ich freu mich schon drauf wenn ICH mit den Kleinen mitspielen darf.<br \/>\nJa, dann haben Sie und auch wir ALLE eine Wurmkur bekommen und die Krallen wurden auch das erste Mal geschnitten und zugenommen haben sie auch ganz sch\u00f6n, jetzt wiegen<br \/>\nMrs. Rosa, 1460 gr<br \/>\nMrs. Red, 1510 gr<br \/>\nMr. Blue, 1590 gr<br \/>\nMr. Lightblue, 1830 gr &#8211; unser kleines Dickerle \ud83d\ude42<br \/>\nAch ja und wie immer gibt es nat\u00fcrlich neue Bilder &#8230; so dann bis n\u00e4chste Woche Gracie.<\/p>\n<p>04.08.2015<\/p>\n<p>So, nun sind meine Geschwister schon ganze 9 Tage alt und ich kann Euch sagen, die sind schon ganz sch\u00f6n gewachsen! Wollt Ihr mal wissen, was die Kleinen schon wiegen.<br \/>\nMrs. Rosa, 950 gr<br \/>\nMrs. Red, 940 gr<br \/>\nMr. Blue, 970 gr<br \/>\nMr. Lightblue 1.090 gr<br \/>\nDie Mama ist ganz sch\u00f6n besch\u00e4ftigt mit den Kleinen, wenn sie getrunken haben &#8211; und das machen Sie gaaaaanz oft &#8211; m\u00fcssen Sie geputzt werden und das dauert auch &#8230;&#8230; Ich weiss das, weil ich schau immer zu und dann, schlafen Sie wieder, ich glaub das dauert noch ein bisserl bis ich mit Ihnen spielen kann &#8230;&#8230;.<br \/>\nAuf alle F\u00e4lle sind ALLE ganz verliebt in die kleinen M\u00e4use und Sabine hat viele neue Bilder gemacht, ich w\u00fcnsch Euch viel Spass beim anschauen, bis n\u00e4chste Woche, Gracie<\/p>\n<p>Tata,<br \/>\nHier bin ich Gracie die grosse Schwester<br \/>\nMeine Mama hat in der Sonntagnacht meine kleinen Geschwister zur Welt gebracht, es sind zwei M\u00e4dels und zwei Buben:<br \/>\nMrs. Rosa, 370 gr, geboren 03.15 Uhr Mrs. Red, 410 gr, geboren 04.10 Uhr Mr. Blau, 420 gr, geboren 05.30 Uhr Mr. Hellblau, 450 gr, geboren 06.00 Uhr<br \/>\nSabine, sagt die Mama hat das super toll gemacht !!!! Aber wisst Ihr so richtig spielen kann ich mit den Kleinen noch gar nicht, weil die schlafen und trinken und schlafen und trinken, und deshalb haben Sie auch schon ganz toll zugenommen \ud83d\ude42 Die Mama ist den ganzen Tag bei meinen Geschwistern in der Wurfkiste und k\u00fcmmert sich total lieb um die Kleinen, ich wei\u00df das, denn ab und zu schau ich mal rein, schlie\u00dflich muss ich doch auch ein bisschen aufpassen!!!!<\/p>\n<p>20.07.2015<\/p>\n<p>&#8230;.. und schon wieder ist eine Woche vorbei, ich kann Euch sagen, die Sabine hat noch ganz sch\u00f6n m\u00e4chtig eingekauft, ich bin mal gespannt wof\u00fcr das alles ist !!!! Der Mama geht es weiter gut, aber ich glaube diese Hitze setzt ihr ganz sch\u00f6n zu, der Bauch hat jetzt einen Umfang von 90cm au\u00dferdem war die Sabine mit der Mama beim r\u00f6ntgen, alles okay sagt Dr. Maier<br \/>\nJa, und wenn man die Hand gaaaaaanz vorsichtig auf den Bauch der Mama h\u00e4lt, kann man die Kleinen schon super sp\u00fcren, Sabine sagt immer, dass Sie Fussball im Bauch der Mama spielen, keine Ahnung wie das gehen soll ?????<br \/>\nJetzt sind es die letzten Tage bis zur Geburt meiner Geschwister, nun m\u00fcssen wir abwarten und vor allem ruhig bleiben, aber das wird schon, also wenn ich Euch das n\u00e4chste Mal berichte, dann werden meine Geschwister auf der Welt sein<br \/>\nUND<br \/>\nich bin dann die grosse Schwester, da freu ich mich schon ganz toll drauf<br \/>\nJetzt hoffen wir, dass alles gut geht und die Geburt reibunslos verl\u00e4uft, so bis bald und nicht vergessen Daumen dr\u00fccken, Eure Gracie<\/p>\n<p>13.07.2015<\/p>\n<p>Hallo, hier bin ich wieder Grace und ich kann Euch sagen, hier ist einiges los, also am Sonntagmorgen ist die Sabine fast aus allen Wolken gefallen, stand da doch tats\u00e4chlich eine Wurfkiste !!!!! Still und heimlich hat Harald eine Wurfkiste gebaut und \u00fcbernacht aufgestellt, das war vielleicht eine \u00dcberraschung \ud83d\ude42 Sowieso ist das ganze Zimmer jetzt ein Welpenzimmer, so sagen, Sabine und Harald die ganze Zeit.<\/p>\n<p>Wisst ihr und meine Mama, wird immer runder und runder 85cm hat Sabine gemessen &#8211; ihre sch\u00f6ne Taille ist jetzt echt futsch &#8230;&#8230;, na ja und sie schl\u00e4ft auch weiterhin viel oder liegt in der Sonne.<br \/>\nStellt Euch vor, die Mama hat auch noch ein neues Futter bekommen, von dem ich auch probieren durfte, das schmeckt echt Klasse !! UND jetzt bekommt Sie tats\u00e4chlich 3x am Tag zum fressen, kein Wunder wird sie so rund, aber die Knochen der kleinen Babies haben sich ja auch verst\u00e4rkt und wenn Sabine ganz vorsichtig den Bauch der Mama streichelt, kann sie die Kleinen sp\u00fcren, aber man kann immer noch suuuuper mit der Mama kuscheln<br \/>\nSabine sagt, dass jetzt der Countdown f\u00fcr die Geburt l\u00e4uft, ich bin mal gespannt was in der n\u00e4chsten Woche noch passiert, aber ich verspreche Euch, ich werd\u00b4 Euch auf dem Laufenden halten, bis n\u00e4chste Woche, Gracie<\/p>\n<p>06.07.2015<\/p>\n<p>Hier bin ich wieder, Eure Grace und wie versprochen, erz\u00e4hle ich Euch, was in der letzten Woche so passiert ist. Das ist eigentlich nicht so viel, die, Mama wird runder und runder, ihr Bauchumfang ist jetzt schon 82 cm !!!!<br \/>\nAusserdem schl\u00e4ft sie ganz sch\u00f6n viel, dann legt sie sich wieder in die Sonne und beim Spazieren gehen ist die Mama auch nicht mehr so schnell, na ja<br \/>\nAber dem Papa geht es wieder richtig gut Endlich &#8211; und er spielt wieder so sch\u00f6n wie immer mit mir<br \/>\nAlso dann, bis n\u00e4chste Woche, Gracie<\/p>\n<p>30.06.2015<\/p>\n<p>Hallo, hier bin ich, Grace und wie schon versprochen, werde ich, Euch ab sofort w\u00f6chentlich \u00fcber die Tr\u00e4chtigkeit meiner Mama, Hope und was sonst noch so alles bei uns Madison\u00b4s passiert auf dem Laufenden halten:<br \/>\nDie Mama, ist jetzt schon in der 5. Woche der Tr\u00e4chtigkeit und ich merke, dass sie nicht mehr so viel wie sonst mit mir spielt, auch liegt sie viel in der Sonne und rennt auch nicht mehr so mit mir durch den Garten, mh. UND wenn etwas in meiner Futtersch\u00fcssel \u00fcbrig bleibt, dann frisst sie das auch noch !! Kein Wunder, dass die Mama schon ganz sch\u00f6n dick geworden ist &#8211; Sabine hat heute ihren Bauchumfang gemesse und der liegt bei 79 cm.<br \/>\nBl\u00f6d war f\u00fcr mich, dass der Papa auch noch krank war, alle waren ganz aufgeregt, denn er hatte einen Hotspot und ich glaube, dass hat ihm ganz sch\u00f6n weh getan.<br \/>\nSabine hat mir erz\u00e4hlt, dass die kleinen Babies jetzt schon aussehen wie kleine Hunde und auch die Fellfarbe entwickelt sich.<\/p>\n<p>Dann war sie auch noch einkaufen und hat ganz tolle Kuscheltiere mitgebracht, die ich nat\u00fcrlich als erste testen durfte<br \/>\nSo, dass war es jetzt f\u00fcr diese Woche, bis bald, Eure Grace<\/p>\n<\/div><\/section><\/div>\n","protected":false},"excerpt":{"rendered":"","protected":false},"author":1,"featured_media":0,"parent":0,"menu_order":0,"comment_status":"closed","ping_status":"closed","template":"","meta":{"_lmt_disableupdate":"","_lmt_disable":""},"_links":{"self":[{"href":"http:\/\/www.golden-heart-even.de\/cms\/wp-json\/wp\/v2\/pages\/331"}],"collection":[{"href":"http:\/\/www.golden-heart-even.de\/cms\/wp-json\/wp\/v2\/pages"}],"about":[{"href":"http:\/\/www.golden-heart-even.de\/cms\/wp-json\/wp\/v2\/types\/page"}],"author":[{"embeddable":true,"href":"http:\/\/www.golden-heart-even.de\/cms\/wp-json\/wp\/v2\/users\/1"}],"replies":[{"embeddable":true,"href":"http:\/\/www.golden-heart-even.de\/cms\/wp-json\/wp\/v2\/comments?post=331"}],"version-history":[{"count":9,"href":"http:\/\/www.golden-heart-even.de\/cms\/wp-json\/wp\/v2\/pages\/331\/revisions"}],"predecessor-version":[{"id":1925,"href":"http:\/\/www.golden-heart-even.de\/cms\/wp-json\/wp\/v2\/pages\/331\/revisions\/1925"}],"wp:attachment":[{"href":"http:\/\/www.golden-heart-even.de\/cms\/wp-json\/wp\/v2\/media?parent=331"}],"curies":[{"name":"wp","href":"https:\/\/api.w.org\/{rel}","templated":true}]}}