{"id":509,"date":"2018-11-08T13:03:50","date_gmt":"2018-11-08T12:03:50","guid":{"rendered":"http:\/\/www.golden-heart-even.de\/cms\/?page_id=509"},"modified":"2020-08-19T09:32:03","modified_gmt":"2020-08-19T07:32:03","slug":"b-wurf","status":"publish","type":"page","link":"http:\/\/www.golden-heart-even.de\/cms\/b-wurf\/","title":{"rendered":"B &#8211; Wurf"},"content":{"rendered":"<div id='av_section_1'  class='avia-section av-cm3bi-fdd5deb7c420d3f4f6c770cc1babea79 main_color avia-section-default avia-no-border-styling  avia-builder-el-0  avia-builder-el-no-sibling  avia-bg-style-scroll container_wrap fullsize'  ><div class='container av-section-cont-open' ><main  role=\"main\" itemprop=\"mainContentOfPage\"  class='template-page content  av-content-full alpha units'><div class='post-entry post-entry-type-page post-entry-509'><div class='entry-content-wrapper clearfix'>\n\n<style type=\"text\/css\" data-created_by=\"avia_inline_auto\" id=\"style-css-av-25rha-38bd95d0c884b6374fba6a9d020e5287\">\n.flex_column.av-25rha-38bd95d0c884b6374fba6a9d020e5287{\n-webkit-border-radius:0px 0px 0px 0px;\n-moz-border-radius:0px 0px 0px 0px;\nborder-radius:0px 0px 0px 0px;\npadding:0px 0px 0px 0px;\n}\n<\/style>\n<div class='flex_column av-25rha-38bd95d0c884b6374fba6a9d020e5287 av_one_full  avia-builder-el-1  el_before_av_one_full  avia-builder-el-first  first flex_column_div av-zero-column-padding '     ><style type=\"text\/css\" data-created_by=\"avia_inline_auto\" id=\"style-css-av-av_heading-e4b74dca980328fe2c37e391cdc62284\">\n#top .av-special-heading.av-av_heading-e4b74dca980328fe2c37e391cdc62284{\npadding-bottom:10px;\n}\nbody .av-special-heading.av-av_heading-e4b74dca980328fe2c37e391cdc62284 .av-special-heading-tag .heading-char{\nfont-size:25px;\n}\n.av-special-heading.av-av_heading-e4b74dca980328fe2c37e391cdc62284 .av-subheading{\nfont-size:20px;\n}\n<\/style>\n<div  class='av-special-heading av-av_heading-e4b74dca980328fe2c37e391cdc62284 av-special-heading-h2 blockquote modern-quote modern-centered  avia-builder-el-2  avia-builder-el-no-sibling '><h2 class='av-special-heading-tag'  itemprop=\"headline\"  >B &#8211; Wurf <\/h2><div class='av-subheading av-subheading_below'><p>* 29. November 2016 &#8211; 2 R\u00fcden \/ 2 H\u00fcndinnen<\/p>\n<\/div><div class=\"special-heading-border\"><div class=\"special-heading-inner-border\"><\/div><\/div><\/div><\/div>\n<style type=\"text\/css\" data-created_by=\"avia_inline_auto\" id=\"style-css-av-dn672-a1d14e7cc4e9f2bc3005ad2cdfd3f482\">\n.flex_column.av-dn672-a1d14e7cc4e9f2bc3005ad2cdfd3f482{\n-webkit-border-radius:0px 0px 0px 0px;\n-moz-border-radius:0px 0px 0px 0px;\nborder-radius:0px 0px 0px 0px;\npadding:0px 0px 0px 0px;\n}\n<\/style>\n<div class='flex_column av-dn672-a1d14e7cc4e9f2bc3005ad2cdfd3f482 av_one_full  avia-builder-el-3  el_after_av_one_full  el_before_av_hr  first flex_column_div av-zero-column-padding column-top-margin'     ><p>\n<style type=\"text\/css\" data-created_by=\"avia_inline_auto\" id=\"style-css-av-joa4bai1-2ca35e4ea81b9990e9e91e70c20b4b22\">\n.avia-image-container.av-joa4bai1-2ca35e4ea81b9990e9e91e70c20b4b22 img.avia_image{\nbox-shadow:none;\n}\n.avia-image-container.av-joa4bai1-2ca35e4ea81b9990e9e91e70c20b4b22 .av-image-caption-overlay-center{\ncolor:#ffffff;\n}\n<\/style>\n<div  class='avia-image-container av-joa4bai1-2ca35e4ea81b9990e9e91e70c20b4b22 av-styling- avia-align-center  avia-builder-el-4  el_before_av_textblock  avia-builder-el-first '   itemprop=\"image\" itemscope=\"itemscope\" itemtype=\"https:\/\/schema.org\/ImageObject\" ><div class=\"avia-image-container-inner\"><div class=\"avia-image-overlay-wrap\"><img decoding=\"async\" class='wp-image-2683 avia-img-lazy-loading-not-2683 avia_image ' src=\"http:\/\/www.golden-heart-even.de\/cms\/wp-content\/uploads\/2020\/08\/wurferwartung.jpg\" alt='' title='wurferwartung'  height=\"500\" width=\"750\"  itemprop=\"thumbnailUrl\" srcset=\"http:\/\/www.golden-heart-even.de\/cms\/wp-content\/uploads\/2020\/08\/wurferwartung.jpg 750w, http:\/\/www.golden-heart-even.de\/cms\/wp-content\/uploads\/2020\/08\/wurferwartung-500x333.jpg 500w, http:\/\/www.golden-heart-even.de\/cms\/wp-content\/uploads\/2020\/08\/wurferwartung-705x470.jpg 705w, http:\/\/www.golden-heart-even.de\/cms\/wp-content\/uploads\/2020\/08\/wurferwartung-450x300.jpg 450w\" sizes=\"(max-width: 750px) 100vw, 750px\" \/><\/div><\/div><\/div><br \/>\n<section  class='av_textblock_section av-joa3g7go-eedee537359881b0c744920335c0a495'  itemscope=\"itemscope\" itemtype=\"https:\/\/schema.org\/CreativeWork\" ><div class='avia_textblock'  itemprop=\"text\" ><p style=\"text-align: center;\">C.I.B. &amp; C.I.E. Qualified in the field Multi CH Terra Antyda Sani New Prince Of Heart x Cesarka It&#8217;s Magic<\/p>\n<\/div><\/section><\/p><\/div>\n<style type=\"text\/css\" data-created_by=\"avia_inline_auto\" id=\"style-css-av-jn013j17-3ff2ffe3a38162627d74e9374e783f09\">\n#top .hr.hr-invisible.av-jn013j17-3ff2ffe3a38162627d74e9374e783f09{\nheight:50px;\n}\n<\/style>\n<div  class='hr av-jn013j17-3ff2ffe3a38162627d74e9374e783f09 hr-invisible  avia-builder-el-6  el_after_av_one_full  el_before_av_one_half '><span class='hr-inner '><span class=\"hr-inner-style\"><\/span><\/span><\/div>\n\n<style type=\"text\/css\" data-created_by=\"avia_inline_auto\" id=\"style-css-av-gq13f-8664f1746b29fdd2af6069d79310d806\">\n.flex_column.av-gq13f-8664f1746b29fdd2af6069d79310d806{\n-webkit-border-radius:0px 0px 0px 0px;\n-moz-border-radius:0px 0px 0px 0px;\nborder-radius:0px 0px 0px 0px;\npadding:0px 0px 0px 0px;\n}\n<\/style>\n<div class='flex_column av-gq13f-8664f1746b29fdd2af6069d79310d806 av_one_half  avia-builder-el-7  el_after_av_hr  el_before_av_one_half  first flex_column_div av-zero-column-padding '     ><section  class='av_textblock_section av-jn02hhb1-3915294a53ccf549214dea18cd988456'  itemscope=\"itemscope\" itemtype=\"https:\/\/schema.org\/CreativeWork\" ><div class='avia_textblock'  itemprop=\"text\" ><p><a href=\"http:\/\/www.k9data.com\/pedigree.asp?ID=776263\" target=\"_blank\" rel=\"noopener noreferrer\"><img decoding=\"async\" loading=\"lazy\" class=\"wp-image-320 size-full aligncenter\" src=\"http:\/\/www.golden-heart-even.de\/cms\/wp-content\/uploads\/2018\/11\/pedigree.png\" alt=\"\" width=\"200\" height=\"74\" \/><\/a><\/p>\n<\/div><\/section><\/div>\n<style type=\"text\/css\" data-created_by=\"avia_inline_auto\" id=\"style-css-av-90zbv-94e1fc08bfa1b0b83fa30755d862dd39\">\n.flex_column.av-90zbv-94e1fc08bfa1b0b83fa30755d862dd39{\n-webkit-border-radius:0px 0px 0px 0px;\n-moz-border-radius:0px 0px 0px 0px;\nborder-radius:0px 0px 0px 0px;\npadding:0px 0px 0px 0px;\n}\n<\/style>\n<div class='flex_column av-90zbv-94e1fc08bfa1b0b83fa30755d862dd39 av_one_half  avia-builder-el-9  el_after_av_one_half  el_before_av_one_full  flex_column_div av-zero-column-padding '     ><section  class='av_textblock_section av-jn02hhb1-3915294a53ccf549214dea18cd988456'  itemscope=\"itemscope\" itemtype=\"https:\/\/schema.org\/CreativeWork\" ><div class='avia_textblock'  itemprop=\"text\" ><p><a href=\"http:\/\/www.golden-heart-even.de\/cms\/b-wurf-fotos\/\" target=\"_blank\" rel=\"noopener noreferrer\"><img decoding=\"async\" loading=\"lazy\" class=\"size-full wp-image-393 aligncenter\" src=\"http:\/\/www.golden-heart-even.de\/cms\/wp-content\/uploads\/2018\/11\/fotos.png\" alt=\"\" width=\"200\" height=\"74\" \/><\/a><\/p>\n<\/div><\/section><\/div>\n<style type=\"text\/css\" data-created_by=\"avia_inline_auto\" id=\"style-css-av-899hi-99c2adf78e313484eeb0a9cbacac9697\">\n.flex_column.av-899hi-99c2adf78e313484eeb0a9cbacac9697{\n-webkit-border-radius:0px 0px 0px 0px;\n-moz-border-radius:0px 0px 0px 0px;\nborder-radius:0px 0px 0px 0px;\npadding:0px 0px 0px 0px;\n}\n<\/style>\n<div class='flex_column av-899hi-99c2adf78e313484eeb0a9cbacac9697 av_one_full  avia-builder-el-11  el_after_av_one_half  avia-builder-el-last  first flex_column_div av-zero-column-padding column-top-margin'     ><section  class='av_textblock_section av-jo75z1bo-e8a85b4d5fe3e65bcba0098aaa7744ce'  itemscope=\"itemscope\" itemtype=\"https:\/\/schema.org\/CreativeWork\" ><div class='avia_textblock'  itemprop=\"text\" ><h3>Tagebuch<\/h3>\n<p>02.02.2017 &#8211; Auszug &amp; Abschied<br \/>\nDie kleinen By my&#8217;s sind ausgezogen und so schreibe ich euch heute, Sabine<br \/>\nTja und da war er nun, der gro\u00dfe Tag des Abschieds, ich m\u00f6chte sagen es waren 9 wunderbare Wochen mit Mitja, Cody, Alice und Mika<br \/>\nVom ersten Augenblick an haben mich die Vier verzaubert, es hat mir gro\u00dfe Freude gemacht, diesen Wurf aufzuziehen und die Vier in Ihren ersten Lebenswochen begleiten zu d\u00fcrfen. Hope war eine Mama wie im Bilderbuch, Gracie und Fin ganz zauberhafte gro\u00dfe Geschwister, mit Liebe und Spass haben sie mit den Kleinen gespielt auch wenn sie sie zu viert, quasi im wahrsten Sinne des Wortes &#8222;\u00fcberfallen&#8220; haben&#8230; jeder Unsinn wurde mit gro\u00dfer Freude unterst\u00fctzt<br \/>\nWir hatten viel Besuch, der immer freudig empfangen wurde, alles Neue wurde ohne Scheu und mit gro\u00dfer Neugierde erkundet. Wir haben geschmust, gespielt, kurz &#8211; wir hatten viel Spass zusammen. Ja und nun ist es wieder still im Haus und Mitja, Cody, Alice und Mika sind gut in ihren Familien angekommen und f\u00fcr ALLE zusammen kann nun ein neues aufregendes Leben starten &#8230;&#8230;<br \/>\nIch freue mich auf viele sch\u00f6ne Momente mit euch Allen, denn wir haben ja das Ein oder Andere vor Nun machts gut meine kleinen Sternchen, in Liebe Hope, Gracie, Fin, Raphael &amp; Sabine<\/p>\n<p>16.01.2017<br \/>\nSo, gerade ist Mittagspause und Fin und ich haben gerade ein bisschen Zeit, Euch zu erz\u00e4hlen, was die letzten Tage hier alles so los war. Ich glaube ich erz\u00e4hl heute, denn Fin ist gerade zu Raphael ins Zimmer<br \/>\nAlso, die Sabine hat die ganze Wochnung nochmals umger\u00e4umt und wisst ihr was, da sind noch jede Menge Spielsachen dazugekommen, ich kenn die ja schon, aber der Fin hat ganz sch\u00f6n geschaut. Im Esszimmer liegt ein lustiger Tunnel und die kleinen M\u00e4use flitzen da durch wie nix, da hat Fin erstmal geschaut, weil er ist ja schon viel zu gro\u00df um durch den Tunnel zu laufen<br \/>\nWir m\u00fcssen schon ganz sch\u00f6n aufpassen, denn die Vier haben ganz sch\u00f6n lustige Ideen vor allem wenn sie unter das Sofa krabblen sagen wir Sabine gleich Bescheid !! Aber am liebsten spielen sie doch mit Fin und mir und uns Beiden macht das auch wirklich gro\u00dfen Spass<\/p>\n<p>Das Beste ist, dass sie jetzt mit uns in den Garten d\u00fcrfen und wir k\u00f6nnen Euch sagen, da flitzen sie rum wie Raketen &#8211; keine Angst vor nix, das ist echt cool. Wir haben wirklich ganz viel Spass alle zusamen Die neuen Bilder k\u00f6nnt Ihr wie immer in der Galerie sehen Oh, jetzt muss ich aber aufh\u00f6ren denn der Fin kommt gerade an und holt mich, denn die Babies sind aufgewacht &#8230;&#8230;..<br \/>\nBis n\u00e4chste Woche, Gracie<\/p>\n<p>08.01.2017<br \/>\nHier sind wir wieder, Gracie &amp; Fin&#8230;<br \/>\nSicher habt Ihr gedacht wir h\u00e4tten euch vergessen, NEIIIIIIN aber hier war ganz sch\u00f6n was los Unsere kleinen Geschwisterchen hatten super viel Besuch und was sollen wir sagen, das haben sie echt toll gemacht. Ehrlich &#8211; alle Besucher wurden genauso st\u00fcrmisch begr\u00fcsst wie wir das machen, wir mussten gar nicht helfen.<br \/>\nJa, und dann war ja auch noch Sylvester, das war vielleicht ein Spektakel hier, Fin und ich haben es uns vom Balkon aus angeschaut, das war echt super. Die Mama war bei den Kleinen und die haben einfach ein bisschen gespielt und dann geschlafen.<br \/>\nAber das allerbeste ist, dass Sabine das Welpenzimmer aufgemacht hat und wisst ihr was, die ganze Wohnung ist jetzt ein riesengro\u00dfes Spielzimmer mit ganz tollen Sachen aber am liebsten spielen sie nat\u00fcrlich mit uns und wenn sie dann m\u00fcde sind, kuscheln sie bei mir oder Gracie und nat\u00fcrlich der Mama und schlafen, da liegen wir dann nat\u00fcrlich ganz still, damit wir sie nicht wecken<br \/>\nEins m\u00fcssen wir Euch unbedingt noch erz\u00e4hlen, die Sabine hat ja \u00fcberall Pinienzapfen stehen und WIR m\u00fcssen sie stehen lassen, aber wenn die Kleinen die nehmen, dann freut sich Sabine und sagt: &#8222;Schaut mal sie apportieren schon !&#8220;<br \/>\nAlso ehrlich &#8230;&#8230;<br \/>\nAlle vier haben auch ihre eigenen N\u00e4pfe bekommen, nat\u00fcrlich viel kleiner als unsere und wenn sie fertig sind, dann machen die Mama, Fin und ich die N\u00e4pfe ganz sch\u00f6n sauber. Zugenommen haben sie auch schon ganz toll und wiegen jetzt: Herr Hellblau 4.510 gr<br \/>\nHerr Dunkelblau 4.330 gr<br \/>\nFr\u00e4ulein Rot 3.760 gr<br \/>\nFr\u00e4ulein Rosa 4.100 gr<br \/>\nGanz viele neue Bilder gibt es auch und auf ein Paar k\u00f6nnt ihr mich und Fin sehen. Oh, die Kleinen kommen gerade angerannt, jetzt wollen wir wieder spielen und auch aufpassen, weil &#8211; die haben schon ganz tolle Ideen<br \/>\nBis n\u00e4chste Woche, Fin &amp; Gracie<\/p>\n<p>19.12.2016<br \/>\nFrohe Weihnachten !! Die Gro\u00dfen und die kleinen Madisons w\u00fcnschen Euch Frohe Weihnachten und f\u00fcr das Neue Jahr Gesundheit, Gl\u00fcck, Zufriedenheit, Freundschaft &amp; Liebe<\/p>\n<p>Nat\u00fcrlich wollen wir Euch noch berichten was hier so in den letzten Tagen los war, also unsere Geschwisterchen wachsen ganz sch\u00f6n, jetzt haben sie die Augen und Ohren auf, wir k\u00f6nnen Euch sagen, das war am Anfang vielleicht lustig als sie geh\u00f6rt haben, ein richtig echtes Konzert hatten wir hier !!<br \/>\nAber am allerbesten ist, dass sie jetzt laufen k\u00f6nnen, na ja noch nicht so wie Fin und ich, aber es klappt schon ganz gut und Sabine hat jetzt die Wurfkiste aufgemacht. Ihr k\u00f6nnt Euch gar nicht vorstellen wie schnell sie da rauskrabbeln und \u00fcberall sind sie, da m\u00fcssen wir ganz sch\u00f6n aufpassen, das d\u00fcrfen wir jetzt n\u00e4mlich auch !!<br \/>\nDie Sabine hat den kleinen M\u00e4usen so eine rosa Paste gegeben, das muss sein, hat sie gemeint und ausserdem hat sie auch noch die Krallen bei den Kleinen geschnitten, aber ich kann Euch sagen, da sind der Fin und ich gaaaanz schnell abgedampft und zum Gl\u00fcck hat sie uns vergessen &#8211; PUH<\/p>\n<p>Nat\u00fcrlich haben sie auch zugenommen, Herr Hellblau 2.270 gr, Herr Dunkelblau 2.220 gr, Fr\u00e4ulein Rot 1.930 gr, Fr\u00e4ulein Rosa 1.980 gr.<br \/>\nAber jetzt muss ich aufh\u00f6ren, denn wir d\u00fcrfen jetzt wieder ein bisschen zu unseren Geschwisterchen, aber ich vergess Euch nicht, versprochen und bis bald Gracie<\/p>\n<p>09.12.2016<br \/>\nHuhu, hier sind die wichtigsten Neuigkeiten der Woche !!!!<br \/>\nWir haben &#8222;Ihn&#8220; wieder, unseren Korb !!! Stellt Euch mal vor, da lagen nicht die Babies drin, NEIN, es waren nigelnagelneue Dummys f\u00fcr uns Beide drin Das war mal eine \u00dcberraschung, Sabine sagt, dass die Kleinen da jetzt nicht mehr reinpassen und zickzack haben sie ein tolles neues Hundebett bekommen, aber das ist ja selbstverst\u00e4ndlich nur daf\u00fcr da, wenn Sabine die Wurfkiste sauber macht !!<br \/>\nAch ja, sicher interessiert Euch auch, was hier sonst noch so los war Die Mama hat immer noch nicht soviel Zeit f\u00fcr uns, denn sie ist schon sehr besch\u00e4ftigt mit unseren kleinen Geschwisterchen. Wisst Ihr, die machen dan ganzen Tag nix anderes wie essen und schlafen, das wissen wir, denn wir spickeln schon ab und zu rein in die Wurfkiste und dabei haben wir auch gesehen, dass sie jetzt auch die \u00c4uglein auf haben, das finden wir echt super.<br \/>\nSabine wiegt unsere Geschwisterchen jeden Tag und stellt Euch mal vor, die haben schon ganz sch\u00f6n an Gewicht zugelegt. Jetzt wiegen Herr Hellblau &#8211; 1.370 gr<br \/>\nHerr Dunkelblau &#8211; 1.320 gr<br \/>\nFr\u00e4ulein Rot &#8211; 1.050 gr<br \/>\nFr\u00e4ulein Rosa &#8211; 1.170 gr<br \/>\nAlso, sie sind schon ganz sch\u00f6n gewachsen und sicherlich dauert es jetzt nicht mehr lange, bis wir mit ihnen spielen d\u00fcrfen, da freuen wir uns n\u00e4mlich schon richtig drauf !!!<br \/>\nBis die Tage, Gracie und Fin<\/p>\n<p>01.12.2016<br \/>\nHeute schreibe ich Euch, Gracie<\/p>\n<p>Fin und Ich haben n\u00e4mlich Geschwischterchen bekommen und ALLE hier freuen sich wie verr\u00fcckt !!!<br \/>\nVon Dienstag auf Mittwoch am fr\u00fchen Morgen hat meine Mama, die Hope ihre Babies bekommen und dieses Mal sind es 2 Buben und 2 M\u00e4dchen &#8211; die Sabine hat mir gesagt, dass die Geburt super gut geklappt und meine Mami alles wunderbar gemacht hat.<br \/>\nSch\u00f6n war, dass mein Yannick, der kam extra aus Augsburg und Raphael gaaaanz viel Zeit f\u00fcr uns hatten und wir super tolle Spielsachen und Leckereien bekommen haben, ich kann Euch sagen, das war ganz sch\u00f6n cool<br \/>\nDas sind nun unsere Geschwister :<br \/>\n20.18 Uhr, Bub, 510 gr .- Madison of Magic Hearts By my Happiness<br \/>\n22.24 Uhr, Bub, 550 gr. &#8211; Madison of Magic Hearts By my Hope<br \/>\n22.50 Uhr, M\u00e4derl, 400 gr. &#8211; Madison of Magic Hearts By my Faith<br \/>\n01.38 Uhr, M\u00e4derl, 380 gr. &#8211; Madison of Magic Hearts By my Love<\/p>\n<p>Fin und ich d\u00fcrfen jetzt nat\u00fcrlich noch nicht mit den Babies spielen, aber das verstehen wir schon, dass wir noch ein bisserl warten m\u00fcssen Jetzt sind ja wir Beide die &#8222;gro\u00dfen Geschwister&#8220; !! Aber ich kann Euch sagen, wir haben uns schon eine ganze Menge gaaaaaanz toller Ideen \u00fcberelgt, die wir unseren Geschwisterchen dann lernen werden, also bis n\u00e4chste Woche Gracie<\/p>\n<p>Hi, it&#8217;s me &#8211; Gracie &#8211; I &#8218;m writing this diary today<br \/>\nFin and I got siblings and ALL here are more than happy! Tuesday evening and in the early hours nof wednesday my mommy Hope gave birth to her babies &#8211; they are 2 boys and 2 girls. Sabine told me that the birth went on without problems and my mommy is doing a wonderful job.<br \/>\nIt was great that my Yannick, who came especially from Augsburg and Raphael have had much time for us and we got super great toys and treats, I can tell you, that was pretty cool<br \/>\nThese are our siblings:<br \/>\n8.18 pm, boy, 510 gr . &#8211; Madison of Magic Hearts By my Happiness<br \/>\n10.24 pm, boy, 550 gr. &#8211; Madison of Magic Hearts By my Hope<br \/>\n10.50 pm, girl, 400 gr. &#8211; Madison of Magic Hearts By my Faith<br \/>\n1.38 am, girl, 380 gr. &#8211; Madison of Magic Hearts By my Love<\/p>\n<p>Fin and I of course can not play yet with the babies, but we already know that we have a little time to wait Now we are both the &#8222;big siblings&#8220; !! But, let me tell you, we have already a lot of great ideas, which we will teach our siblings, so see you next week with more news &#8211; Gracie<\/p>\n<p>21.11.2016<br \/>\nSo, hier bin ich, Fin und ehrlich dieses Mal muss ICH etwas erz\u00e4hlen :<br \/>\nAlso meine Mama die Hope bekommt ja Babies, das ich aufpassen muss und nicht mehr ganz so toll mir ihr spielen darf, na das hat mir meine gro\u00dfe Schwester die Gracie ja schon alles gesagt und auch das sich die Sabine ganz, ganz arg auf die Babies freut.<br \/>\nGracie hat mir eine ganze Menge erz\u00e4hlt, aber nicht, dass Sabine das ganze Haus auf den Kopf stellt und nichts mehr so ist wie sonst &#8230;&#8230;. Jetzt stellt Euch mal vor, also im ganzen Haus stehen ja sowieso schon Pinienzapfen und ich darf die einfach nicht apportieren, so ging es schon mal los, Weihnachtsdekoration sagt Sabine &#8230;..<br \/>\nEigentlich habe ich ja ein sch\u00f6nes Zimmer, da sind viele der Spielsachen von Gracie und mir in einem Korb und wisst Ihr was, der ist jetzt leer und es liegen, dicke Decken und W\u00e4rmflaschen drin, Gracie hat mir erz\u00e4hlt, das auch Ich schon da drin gelegen hab, aber das kann ja nicht wirklich sein, wie soll ich da denn reingepasst haben ?????? Dann hat Sabine das ganze Zimmer ausger\u00e4umt, ich kann Euch sagen das war vielleicht ein Durcheinander, unglaublich !!! Alles haben sie zu meinem Raphael ins Zimmer gestellt und ehrlich er fand das okay.<br \/>\nNun steht da eine gro\u00dfe Kiste, Wurfkiste sagt Sabine und die Mama hat sich super gefreut und ist auch gleich reingegangen und hat sich hingelegt, es scheint Ihr sehr zu gefallen. Aber ich geh da nat\u00fcrlich nicht rein, dazu bin ich ja zwischenzeitlich viel zu gro\u00df<br \/>\nDer Countdown f\u00fcr die Geburt unserer Geschwister l\u00e4uft, der Mama geht es gut und sie ist schon ganz sch\u00f6n rund, au\u00dferdem bekommt sie 3x am Tag etwas zu fressen und ich nicht, also es ist hier wirklich komisch so langsam !! Auf alle F\u00e4lle werden Gracie und ich Euch auf dem Laufenden halten, versprochen<\/p>\n<p>Hi, this is Fin and honestly this time I have to tell something:<br \/>\nSo my mom Hope will have babies, so I have to take care of her and not to play her so much, well, my sister Gracie told me everything and that Sabine is pleased to have Hope&#8217;s Babies. Gracie has told me lot of things, but not that Sabine will turn the whole house upside down and nothing else is like it &#8230;&#8230;. Now imagine, everywhere in our house was stuff I wasn&#8217;t allowed to retrieve, it&#8217;s Christmas Decoration says Sabine &#8230;..<br \/>\nActually, I have a nice room, there are many of Gracie&#8217;s toys and mine in a basket, and imagine &#8211; it&#8217;s now empty and there are thick blankets and hot water bottles in it, Gracie has told me that I&#8217;ve been sleeping in there once, but I can&#8217;t imagine how &#8211; it is so small ?????? Then Sabine cleared the whole room, I can tell you, that was maybe a mess, unbelievable! Everything she put&#8217;s in my Raphael&#8217;s room and honestly he sais that it&#8217;s okay. Now there is a big box, litter box says Sabine and my mom is very happy and immediately she went to sleep in there, it seems to please her very much. But I&#8217;m not going in there, of course I&#8217;m too big<br \/>\nThe countdown for the birth of our siblings is running, my Mumy is doing well and she is already quite thick, she gets meals 3 times a day and I do not, so it is really strange in here! In any case Gracie and I will keep you up to date<\/p>\n<p>27.10.2016<br \/>\nJede Minute ist einzigartig,<br \/>\njede Sekunde verstreicht nur einmal,<br \/>\njeder Augenblick ist ein Unikat.<br \/>\nDiesen Augenblick erlebten wir heute, Hope und ich waren heute zum Ultraschall bei Herrn Dr. Blendinger und er hatte ES f\u00fcr uns<br \/>\nDAS PHOTO!<br \/>\nEin grosser Traum wird wahr und Hope erwartet Ende November von Oiva Welpen. Ich freue mich sehr auf diesen ganz speziellen Wurf.<\/p>\n<p>Liebe Helena, liebe Heini, danke f\u00fcr euren Vertrauen in mich und Hope, eure Freundschaft und eine perfekte Zusammenarbeit<br \/>\nSabine &amp; Hope<\/p>\n<p>Every minute is unique,<br \/>\nevery second passes only once,<br \/>\nevery moment is unique.<br \/>\nThis moment we were experiencing today, Hope and I were today for a scan with Dr. Blendinger and he had it for us&#8230;<br \/>\nTHE PHOTO!<br \/>\nA big dream becomes true and Hope expects puppies out of Oiva in the end of November. I am really looking forward to this very special litter.<\/p>\n<p>Hyv\u00e4 Helena, rakas Heini, kiitos luottamuksesta minuun ja Hope, yst\u00e4vyydest\u00e4nne ja t\u00e4ydellinen yhteisty\u00f6<br \/>\nSabine &amp; Hope<\/p>\n<\/div><\/section><\/div>\n","protected":false},"excerpt":{"rendered":"","protected":false},"author":1,"featured_media":0,"parent":0,"menu_order":0,"comment_status":"closed","ping_status":"closed","template":"","meta":{"_lmt_disableupdate":"no","_lmt_disable":""},"_links":{"self":[{"href":"http:\/\/www.golden-heart-even.de\/cms\/wp-json\/wp\/v2\/pages\/509"}],"collection":[{"href":"http:\/\/www.golden-heart-even.de\/cms\/wp-json\/wp\/v2\/pages"}],"about":[{"href":"http:\/\/www.golden-heart-even.de\/cms\/wp-json\/wp\/v2\/types\/page"}],"author":[{"embeddable":true,"href":"http:\/\/www.golden-heart-even.de\/cms\/wp-json\/wp\/v2\/users\/1"}],"replies":[{"embeddable":true,"href":"http:\/\/www.golden-heart-even.de\/cms\/wp-json\/wp\/v2\/comments?post=509"}],"version-history":[{"count":13,"href":"http:\/\/www.golden-heart-even.de\/cms\/wp-json\/wp\/v2\/pages\/509\/revisions"}],"predecessor-version":[{"id":2684,"href":"http:\/\/www.golden-heart-even.de\/cms\/wp-json\/wp\/v2\/pages\/509\/revisions\/2684"}],"wp:attachment":[{"href":"http:\/\/www.golden-heart-even.de\/cms\/wp-json\/wp\/v2\/media?parent=509"}],"curies":[{"name":"wp","href":"https:\/\/api.w.org\/{rel}","templated":true}]}}